{"id":15,"date":"2022-05-05T10:08:46","date_gmt":"2022-05-05T08:08:46","guid":{"rendered":"https:\/\/csillagosveny.com\/?page_id=15"},"modified":"2025-03-08T16:00:09","modified_gmt":"2025-03-08T15:00:09","slug":"bankkartyas-fizetes-tajekoztato","status":"publish","type":"page","link":"https:\/\/csillagosveny.com\/en\/payment-by-credit-card-information\/","title":{"rendered":"Payment by credit card information"},"content":{"rendered":"<p>[et_pb_section fb_built=&#8221;1&#8243; _builder_version=&#8221;4.16&#8243; _module_preset=&#8221;default&#8221; global_colors_info=&#8221;{}&#8221;][et_pb_row _builder_version=&#8221;4.16&#8243; _module_preset=&#8221;default&#8221; global_colors_info=&#8221;{}&#8221;][et_pb_column type=&#8221;4_4&#8243; _builder_version=&#8221;4.16&#8243; _module_preset=&#8221;default&#8221; global_colors_info=&#8221;{}&#8221;][et_pb_text _builder_version=&#8221;4.27.4&#8243; _module_preset=&#8221;default&#8221; link_text_color=&#8221;#27AE60&#8243; header_font=&#8221;|800|||||||&#8221; text_orientation=&#8221;justified&#8221; hover_enabled=&#8221;0&#8243; global_colors_info=&#8221;{}&#8221; sticky_enabled=&#8221;0&#8243;]<\/p>\n<h1>Bankk\u00e1rty\u00e1s fizet\u00e9si t\u00e1j\u00e9koztat\u00f3<\/h1>\n<p><em>Here you can find information about our privacy policy and other company-related documents. If you are interested, please contact us via email.<\/em><\/p>\n<p>Bankk\u00e1rty\u00e1s fizet\u00e9s elfogad\u00f3 neve: Gergely G\u00e1bor ev.<br \/>c\u00edm: <a href=\"https:\/\/www.google.com\/maps\/place\/Csillag%C3%B6sv%C3%A9ny+Labirintus+%C3%93pusztaszer\/@46.4853981,20.0834291,17z\/data=!3m1!4b1!4m5!3m4!1s0x474477d27bb3e823:0x1855fcf0aea3a114!8m2!3d46.4853981!4d20.0856178\" target=\"_blank\" rel=\"noopener noreferrer\" title=\"Csillag\u00f6sv\u00e9ny \u00fatvonal\">H-6767 \u00d3pusztaszer, Szoborkert u. 1.<\/a><br \/>Tel.: <a>+36-30\/981-9914<\/a><br \/>e-mail: <a>info@csillagosveny.com<\/a><br \/>Ad\u00f3sz\u00e1m: 78823338-2-26<\/p>\n<p>A bankk\u00e1rty\u00e1s fizet\u00e9s r\u00e9v\u00e9n \u00d6n k\u00e9nyelmesen \u00e9s biztons\u00e1gosan v\u00e1s\u00e1rolhat \u00e1ruh\u00e1zunkban. A kiv\u00e1lasztott \u00e1ruk megrendel\u00e9se ut\u00e1n \u00d6nt a K&amp;H Bank weblapj\u00e1ra ir\u00e1ny\u00edtjuk, ahol a Bank \u00e1ltal haszn\u00e1lt, jelenleg legbiztons\u00e1gosabbnak \u00edt\u00e9lt, titkos\u00edt\u00e1ssal lebonyol\u00edtott tranzakci\u00f3n kereszt\u00fcl fizethet bankk\u00e1rty\u00e1j\u00e1val.<\/p>\n<p>V\u00e1s\u00e1rl\u00f3inknak csak annyi a dolga, hogy a fizet\u00e9si m\u00f3d kiv\u00e1laszt\u00e1s\u00e1n\u00e1l \u201cfizet\u00e9s bankk\u00e1rty\u00e1val\u201d m\u00f3dot v\u00e1lassz\u00e1k, majd a K&amp;H Bank fizet\u00e9si szerver\u00e9n a k\u00e1rtya sz\u00e1m\u00e1t, lej\u00e1rati d\u00e1tum\u00e1t \u00e9s h\u00e1romjegy\u0171 biztons\u00e1gi k\u00f3dj\u00e1t megadj\u00e1k. A K&amp;H Bank a VISA, VISA Electron, V-Pay, MasterCard, Maestro \u00e9s JCB t\u00edpus\u00fa k\u00e1rty\u00e1kat fogadja el.<\/p>\n<p>A kiz\u00e1r\u00f3lag elektronikus haszn\u00e1latra kibocs\u00e1tott bankk\u00e1rty\u00e1kat csak abban az esetben fogadhatjuk el, amennyiben annak haszn\u00e1lat\u00e1t a k\u00e1rty\u00e1t kibocs\u00e1t\u00f3 bank enged\u00e9lyezi! K\u00e9rj\u00fck, \u00e9rdekl\u0151dj\u00f6n bankj\u00e1n\u00e1l, hogy az \u00d6n k\u00e1rty\u00e1ja felhaszn\u00e1lhat\u00f3-e interneten kereszt\u00fcl lebonyol\u00edtand\u00f3 v\u00e1s\u00e1rl\u00e1shoz.<\/p>\n<p>A K&amp;H Bank a sikeres v\u00e1s\u00e1rl\u00e1st k\u00f6vet\u0151en a tranzakci\u00f3r\u00f3l enged\u00e9lyez\u00e9si sz\u00e1mot bocs\u00e1t ki, amelyet \u00e9rdemes fel\u00edrni vagy az eg\u00e9sz oldalt kinyomtatni. Sikertelen tranzakci\u00f3 eset\u00e9n a K&amp;H Bank hiba\u00fczenetben k\u00f6zli a hiba ok\u00e1t.<\/p>\n<p>&nbsp;<\/p>\n<h2><strong>A v\u00e1s\u00e1rl\u00e1s menete<\/strong><\/h2>\n<p>A <a title=\"Csillag\u00f6sv\u00e9ny \u00e1rak\">https:\/\/csillagosveny.com\/arak<\/a> oldalon a v\u00e1s\u00e1rl\u00f3 kiv\u00e1lasztja a megfelel\u0151 bel\u00e9p\u0151jegye(ke)t, majd a z\u00f6ld \u201eV\u00c1S\u00c1RL\u00c1S\u201d gombra kattintva a v\u00e1s\u00e1rl\u00f3 \u00e1tker\u00fcl a kos\u00e1r oldal\u00e1ra. Ha mindent rendben tal\u00e1l, \u00e9s nem v\u00e1ltoztat a mennyis\u00e9gen, akkor k\u00f6vetkez\u0151 l\u00e9p\u00e9sben a \u201eTOV\u00c1BB A P\u00c9NZT\u00c1RHOZ\u201d gombra kell kattintani.<\/p>\n<p>A v\u00e1s\u00e1rl\u00f3 ekkor \u00e1tker\u00fcl a fizet\u00e9si oldalra, ahol meg kell adnia a k\u00e9rt adatokat az erre l\u00e9trehozott \u0171rlapon kereszt\u00fcl.<\/p>\n<p>Az adatok megad\u00e1sa ut\u00e1n kiv\u00e1lasztja a fizet\u00e9si m\u00f3dot majd a \u201eMEGRENDEL\u00c9S ELK\u00dcLD\u00c9SE\u201d gombra kattintva \u00e1tker\u00fcl a kiv\u00e1lasztott fizet\u00e9si m\u00f3dnak megfelel\u0151en arra az oldalra, ahol elv\u00e9gezheti a fizet\u00e9st.<\/p>\n<h2><span><strong>A sz\u00e1ll\u00edt\u00e1s, jegy \u00e1tv\u00e9tele<\/strong><\/span><\/h2>\n<p>Sikeres fizet\u00e9st k\u00f6vet\u0151en, a v\u00e1s\u00e1rl\u00f3 visszat\u00e9r a <a href=\"https:\/\/csillagosveny.com\/en\/\" title=\"Csillag\u00f6sv\u00e9ny\">https:\/\/csillagosveny.com<\/a> oldalra ahol t\u00e1j\u00e9koztatjuk a fizet\u00e9s sikeress\u00e9g\u00e9r\u0151l, valamint a tranzakci\u00f3 egyedi k\u00f3dsz\u00e1m\u00e1r\u00f3l, amelynek bemutat\u00e1s\u00e1val tudja majd igazolni a v\u00e1s\u00e1rl\u00f3 a jegyv\u00e1s\u00e1rl\u00e1st. Ezt a k\u00f3dsz\u00e1mot majd a helysz\u00ednen l\u00e1togat\u00e1skor kell bemutatni a kassz\u00e1n\u00e1l!<\/p>\n<h2><span><strong>Bankk\u00e1rty\u00e1s fizet\u00e9s el\u00e1ll\u00e1s joga<\/strong><\/span><\/h2>\n<p>1. Az Eur\u00f3pai Parlament \u00e9s a Tan\u00e1cs 2011\/83\/EU sz\u00e1m\u00fa ir\u00e1nyelv\u00e9nek, tov\u00e1bb\u00e1 a fogyaszt\u00f3 \u00e9s a v\u00e1llalkoz\u00e1s k\u00f6z\u00f6tti szerz\u0151d\u00e9sek r\u00e9szletes szab\u00e1lyair\u00f3l sz\u00f3l\u00f3 45\/2014. (II.26.) Korm. rendelet szab\u00e1lyoz\u00e1sa \u00e9rtelm\u00e9ben Felhaszn\u00e1l\u00f3 a megrendelt term\u00e9k k\u00e9zhez v\u00e9tel\u00e9t\u0151l sz\u00e1m\u00edtott 14 napon bel\u00fcl indokol\u00e1s n\u00e9lk\u00fcl el\u00e1llhat a szerz\u0151d\u00e9st\u0151l, visszak\u00fcldheti a megrendelt term\u00e9ket. Jelen t\u00e1j\u00e9koztat\u00f3 hi\u00e1ny\u00e1ban jogosult Felhaszn\u00e1l\u00f3 1 \u00e9v eltelt\u00e9ig gyakorolni az el\u00e1ll\u00e1si jog\u00e1t.<\/p>\n<p>2. Az el\u00e1ll\u00e1si jog gyakorl\u00e1s\u00e1ra nyitva \u00e1ll\u00f3 id\u0151 att\u00f3l a napt\u00f3l sz\u00e1m\u00edtott 14 nap eltelt\u00e9vel j\u00e1r le, amelyen Felhaszn\u00e1l\u00f3, vagy az \u00e1ltala megjel\u00f6lt, a fuvaroz\u00f3t\u00f3l elt\u00e9r\u0151 harmadik szem\u00e9ly a term\u00e9ket \u00e1tveszi.<\/p>\n<p>3. Felhaszn\u00e1l\u00f3 a szerz\u0151d\u00e9s megk\u00f6t\u00e9s\u00e9nek napja, \u00e9s a term\u00e9k \u00e1tv\u00e9tel\u00e9nek napja k\u00f6z\u00f6tti id\u0151szakban is gyakorolja el\u00e1ll\u00e1si jog\u00e1t<\/p>\n<p>4. A term\u00e9k visszak\u00fcld\u00e9s\u00e9nek k\u00f6lts\u00e9g\u00e9t a fogyaszt\u00f3nak kell viselnie, a v\u00e1llalkoz\u00e1s nem v\u00e1llalta e k\u00f6lts\u00e9g visel\u00e9s\u00e9t.<\/p>\n<p>5. Az el\u00e1ll\u00e1si jog gyakorl\u00e1sa eset\u00e9n a Felhaszn\u00e1l\u00f3t a term\u00e9k visszajuttat\u00e1s\u00e1nak k\u00f6lts\u00e9g\u00e9n k\u00edv\u00fcl m\u00e1s k\u00f6lts\u00e9g nem terheli, Szolg\u00e1ltat\u00f3 azonban k\u00f6vetelheti a nem rendeltet\u00e9sszer\u0171 haszn\u00e1latb\u00f3l ad\u00f3d\u00f3 anyagi k\u00e1r megt\u00e9r\u00edt\u00e9s\u00e9t.<\/p>\n<p>6. Nem illeti meg az el\u00e1ll\u00e1si jog Felhaszn\u00e1l\u00f3t olyan nem el\u0151re gy\u00e1rtott term\u00e9k eset\u00e9ben, amelyet a fogyaszt\u00f3 utas\u00edt\u00e1sa alapj\u00e1n vagy kifejezett k\u00e9r\u00e9s\u00e9re \u00e1ll\u00edtottak el\u0151, vagy olyan term\u00e9k eset\u00e9ben, amelyet egy\u00e9rtelm\u0171en a fogyaszt\u00f3 szem\u00e9ly\u00e9re szabtak.<\/p>\n<p>7. Szolg\u00e1ltat\u00f3 a term\u00e9k vissza\u00e9rkez\u00e9s\u00e9t\/vagy az el\u00e1ll\u00e1si nyilatkozat meg\u00e9rkezt\u00e9t k\u00f6vet\u0151en a fenti jogszab\u00e1lyok \u00e9rtelm\u00e9ben halad\u00e9ktalanul, de legk\u00e9s\u0151bb 14 napon bel\u00fcl visszat\u00e9r\u00edti a kifizetett \u00f6sszeget a Felhaszn\u00e1l\u00f3 r\u00e9sz\u00e9re, bele\u00e9rtve a sz\u00e1ll\u00edt\u00e1si d\u00edjat is.<\/p>\n<p>8. A visszat\u00e9r\u00edt\u00e9s sor\u00e1n az eredeti \u00fcgylet sor\u00e1n alkalmazott fizet\u00e9si m\u00f3ddal egyez\u0151 fizet\u00e9si m\u00f3dot alkalmazunk, kiv\u00e9ve, ha Felhaszn\u00e1l\u00f3 m\u00e1s fizet\u00e9si m\u00f3d ig\u00e9nybev\u00e9tel\u00e9hez kifejezetten a hozz\u00e1j\u00e1rul\u00e1s\u00e1t adja; e visszat\u00e9r\u00edt\u00e9si m\u00f3d alkalmaz\u00e1s\u00e1b\u00f3l kifoly\u00f3lag Felhaszn\u00e1l\u00f3t semmilyen t\u00f6bbletk\u00f6lts\u00e9g nem terheli.<\/p>\n<p>9. Felhaszn\u00e1l\u00f3 k\u00f6teles az \u00e1rukat indokolatlan k\u00e9sedelem n\u00e9lk\u00fcl, de a szerz\u0151d\u00e9st\u0151l val\u00f3 el\u00e1ll\u00e1s\u00e1ra vonatkoz\u00f3 \u00e9rtes\u00edt\u00e9s Szolg\u00e1ltat\u00f3 r\u00e9sz\u00e9re t\u00f6rt\u00e9n\u0151 megk\u00fcld\u00e9s\u00e9t\u0151l sz\u00e1m\u00edtott 14 napn\u00e1l semmif\u00e9lek\u00e9ppen sem k\u00e9s\u0151bb visszak\u00fcldeni vagy Szolg\u00e1ltat\u00f3 c\u00edmen leadni.<\/p>\n<p>10. Felhaszn\u00e1l\u00f3 akkor tartja be a hat\u00e1rid\u0151t, ha a 14 napos id\u0151szak letelte el\u0151tt visszak\u00fcldi, vagy \u00e1tadja a term\u00e9k(eke)t.<\/p>\n<p>11. A fogyaszt\u00f3 kiz\u00e1r\u00f3lag a term\u00e9k visszak\u00fcld\u00e9s\u00e9nek k\u00f6zvetlen k\u00f6lts\u00e9g\u00e9t viseli, kiv\u00e9ve, ha a v\u00e1llalkoz\u00e1s v\u00e1llalta e k\u00f6lts\u00e9g visel\u00e9s\u00e9t.<\/p>\n<p>12. A Szolg\u00e1ltat\u00f3 nem k\u00f6teles a Felhaszn\u00e1l\u00f3 r\u00e9sze megt\u00e9r\u00edteni azon t\u00f6bbletk\u00f6lts\u00e9geket, amely a Szolg\u00e1ltat\u00f3 \u00e1ltal felk\u00edn\u00e1lt legolcs\u00f3bb szok\u00e1sos fuvaroz\u00e1si m\u00f3dt\u00f3l elt\u00e9r\u0151 sz\u00e1ll\u00edt\u00e1si m\u00f3d v\u00e1laszt\u00e1s\u00e1b\u00f3l ad\u00f3dik.<\/p>\n<p>13. Felhaszn\u00e1l\u00f3 kiz\u00e1r\u00f3lag akkor vonhat\u00f3 felel\u0151ss\u00e9gre az \u00e1rukban bek\u00f6vetkezett \u00e9rt\u00e9kcs\u00f6kken\u00e9s\u00e9rt, ha az az \u00e1ruk jelleg\u00e9nek, tulajdons\u00e1gainak \u00e9s m\u0171k\u00f6d\u00e9s\u00e9nek meg\u00e1llap\u00edt\u00e1s\u00e1hoz sz\u00fcks\u00e9gest\u0151l elt\u00e9r\u0151 kezel\u00e9s miatt k\u00f6vetkezett be.<\/p>\n<p>14. A visszat\u00e9r\u00edt\u00e9st Szolg\u00e1ltat\u00f3 mindaddig visszatarthatja, am\u00edg vissza nem kapta az \u00e1ru(ka)t, vagy Felhaszn\u00e1l\u00f3 bizony\u00edt\u00e9kot nem szolg\u00e1ltatott arra vonatkoz\u00f3an, hogy azokat visszak\u00fcldte: a kett\u0151 k\u00f6z\u00fcl a kor\u00e1bbi id\u0151pontot kell figyelembe venni.<\/p>\n<p>15. Amennyiben Felhaszn\u00e1l\u00f3 \u00e9lni szeretne el\u00e1ll\u00e1si jog\u00e1val, annak jelz\u00e9s\u00e9t megteheti Szolg\u00e1ltat\u00f3 el\u00e9rhet\u0151s\u00e9geinek valamelyik\u00e9n \u00edr\u00e1sban (ak\u00e1r a mell\u00e9kelt adatlap seg\u00edts\u00e9g\u00e9vel), vagy telefonon. Postai \u00faton \u00edr\u00e1sban t\u00f6rt\u00e9n\u0151 jelz\u00e9s alkalm\u00e1val a post\u00e1ra ad\u00e1s id\u0151pontj\u00e1t vessz\u00fck figyelembe, telefonon t\u00f6rt\u00e9n\u0151 jelz\u00e9s alkalm\u00e1val pedig a telefonon t\u00f6rt\u00e9n\u0151 jelz\u00e9s\u00e9t. Postai \u00faton t\u00f6rt\u00e9n\u0151 jelz\u00e9s eset\u00e9n aj\u00e1nlott k\u00fcldem\u00e9nyk\u00e9nt, csomagk\u00e9nt val\u00f3 jelz\u00e9st fogad el Szolg\u00e1ltat\u00f3. A megrendelt term\u00e9ket postai \u00faton, vagy fut\u00e1rszolg\u00e1lat seg\u00edts\u00e9g\u00e9vel juttathatja vissza Felhaszn\u00e1l\u00f3 Szolg\u00e1ltat\u00f3 r\u00e9sz\u00e9re.<\/p>\n<p>16. Felhaszn\u00e1l\u00f3nak kiemelten \u00fcgyelnie kell a term\u00e9k rendeltet\u00e9sszer\u0171 haszn\u00e1lat\u00e1ra, ugyanis a nem rendeltet\u00e9sszer\u0171 haszn\u00e1lat\u00e1b\u00f3l ered\u0151 k\u00e1roknak megt\u00e9r\u00edt\u00e9se a Felhaszn\u00e1l\u00f3t terheli! A term\u00e9k vissza\u00e9rkez\u00e9s\u00e9t k\u00f6vet\u0151 tizenn\u00e9gy napon bel\u00fcl a Felhaszn\u00e1l\u00f3 \u00e1ltal megadott banksz\u00e1mlasz\u00e1mra visszat\u00e9r\u00edti Szolg\u00e1ltat\u00f3 a term\u00e9k v\u00e9tel\u00e1r\u00e1t, a sz\u00e1ll\u00edt\u00e1si k\u00f6lts\u00e9ggel egy\u00fctt.<\/p>\n<p>17. A fogyaszt\u00f3 \u00e9s a v\u00e1llalkoz\u00e1s k\u00f6z\u00f6tti szerz\u0151d\u00e9sek r\u00e9szletes szab\u00e1lyair\u00f3l sz\u00f3l\u00f3 45\/2014. (II.26.) Korm. rendelet itt \u00e9rhet\u0151 el.<\/p>\n<p>18. Az Eur\u00f3pai Parlament \u00e9s a Tan\u00e1cs 2011\/83\/EU sz\u00e1m\u00fa ir\u00e1nyelve itt \u00e9rhet\u0151 el.<\/p>\n<p>19. Felhaszn\u00e1l\u00f3 egy\u00e9b panasz\u00e1val is megkeresheti Szolg\u00e1ltat\u00f3t a jelen Szab\u00e1lyzatban tal\u00e1lhat\u00f3 el\u00e9rhet\u0151s\u00e9geken.<\/p>\n<p>20. Az el\u00e1ll\u00e1si jog nem illeti meg a v\u00e1llalkoz\u00e1st, azaz az olyan szem\u00e9lyt, aki a szakm\u00e1ja, \u00f6n\u00e1ll\u00f3 foglalkoz\u00e1sa vagy \u00fczleti tev\u00e9kenys\u00e9ge k\u00f6r\u00e9ben j\u00e1r e.<\/p>\n<p>[\/et_pb_text][\/et_pb_column][\/et_pb_row][\/et_pb_section]<\/p>","protected":false},"excerpt":{"rendered":"<p>Bankk\u00e1rty\u00e1s fizet\u00e9si t\u00e1j\u00e9koztat\u00f3 Here you can find information about our privacy policy and other company-related documents. If you are interested, please contact us via email. Bankk\u00e1rty\u00e1s fizet\u00e9s elfogad\u00f3 neve: Gergely G\u00e1bor ev.c\u00edm: H-6767 \u00d3pusztaszer, Szoborkert u. 1.Tel.: +36-30\/981-9914e-mail: info@csillagosveny.comAd\u00f3sz\u00e1m: 78823338-2-26 A bankk\u00e1rty\u00e1s fizet\u00e9s r\u00e9v\u00e9n \u00d6n k\u00e9nyelmesen \u00e9s biztons\u00e1gosan v\u00e1s\u00e1rolhat \u00e1ruh\u00e1zunkban. A kiv\u00e1lasztott \u00e1ruk megrendel\u00e9se ut\u00e1n [&hellip;]<\/p>","protected":false},"author":1,"featured_media":0,"parent":0,"menu_order":0,"comment_status":"closed","ping_status":"closed","template":"","meta":{"_et_pb_use_builder":"on","_et_pb_old_content":"<!-- wp:divi\/placeholder \/-->","_et_gb_content_width":"","footnotes":""},"class_list":["post-15","page","type-page","status-publish","hentry"],"yoast_head":"<!-- This site is optimized with the Yoast SEO plugin v24.9 - https:\/\/yoast.com\/wordpress\/plugins\/seo\/ -->\n<title>Bankk\u00e1rty\u00e1s fizet\u00e9s t\u00e1j\u00e9koztat\u00f3 | \u00d3pusztaszeri Csillag\u00f6sv\u00e9ny Labirintus \u00d6ko \u00c9lm\u00e9nypark<\/title>\n<meta name=\"robots\" content=\"index, follow, max-snippet:-1, max-image-preview:large, max-video-preview:-1\" \/>\n<link rel=\"canonical\" href=\"https:\/\/csillagosveny.com\/en\/payment-by-credit-card-information\/\" \/>\n<meta property=\"og:locale\" content=\"en_GB\" \/>\n<meta property=\"og:type\" content=\"article\" \/>\n<meta property=\"og:title\" content=\"Bankk\u00e1rty\u00e1s fizet\u00e9s t\u00e1j\u00e9koztat\u00f3 | \u00d3pusztaszeri Csillag\u00f6sv\u00e9ny Labirintus \u00d6ko \u00c9lm\u00e9nypark\" \/>\n<meta property=\"og:description\" content=\"Bankk\u00e1rty\u00e1s fizet\u00e9si t\u00e1j\u00e9koztat\u00f3 Here you can find information about our privacy policy and other company-related documents. If you are interested, please contact us via email. Bankk\u00e1rty\u00e1s fizet\u00e9s elfogad\u00f3 neve: Gergely G\u00e1bor ev.c\u00edm: H-6767 \u00d3pusztaszer, Szoborkert u. 1.Tel.: +36-30\/981-9914e-mail: info@csillagosveny.comAd\u00f3sz\u00e1m: 78823338-2-26 A bankk\u00e1rty\u00e1s fizet\u00e9s r\u00e9v\u00e9n \u00d6n k\u00e9nyelmesen \u00e9s biztons\u00e1gosan v\u00e1s\u00e1rolhat \u00e1ruh\u00e1zunkban. A kiv\u00e1lasztott \u00e1ruk megrendel\u00e9se ut\u00e1n [&hellip;]\" \/>\n<meta property=\"og:url\" content=\"https:\/\/csillagosveny.com\/en\/payment-by-credit-card-information\/\" \/>\n<meta property=\"og:site_name\" content=\"\u00d3pusztaszeri Csillag\u00f6sv\u00e9ny Labirintus \u00d6ko \u00c9lm\u00e9nypark\" \/>\n<meta property=\"article:publisher\" content=\"https:\/\/www.facebook.com\/csillagosveny\/\" \/>\n<meta property=\"article:modified_time\" content=\"2025-03-08T15:00:09+00:00\" \/>\n<meta name=\"twitter:card\" content=\"summary_large_image\" \/>\n<meta name=\"twitter:label1\" content=\"Estimated reading time\" \/>\n\t<meta name=\"twitter:data1\" content=\"8 minutes\" \/>\n<script type=\"application\/ld+json\" class=\"yoast-schema-graph\">{\"@context\":\"https:\/\/schema.org\",\"@graph\":[{\"@type\":\"WebPage\",\"@id\":\"https:\/\/csillagosveny.com\/bankkartyas-fizetes-tajekoztato\/\",\"url\":\"https:\/\/csillagosveny.com\/bankkartyas-fizetes-tajekoztato\/\",\"name\":\"Bankk\u00e1rty\u00e1s fizet\u00e9s t\u00e1j\u00e9koztat\u00f3 | \u00d3pusztaszeri Csillag\u00f6sv\u00e9ny Labirintus \u00d6ko \u00c9lm\u00e9nypark\",\"isPartOf\":{\"@id\":\"https:\/\/csillagosveny.com\/#website\"},\"datePublished\":\"2022-05-05T08:08:46+00:00\",\"dateModified\":\"2025-03-08T15:00:09+00:00\",\"breadcrumb\":{\"@id\":\"https:\/\/csillagosveny.com\/bankkartyas-fizetes-tajekoztato\/#breadcrumb\"},\"inLanguage\":\"en-GB\",\"potentialAction\":[{\"@type\":\"ReadAction\",\"target\":[\"https:\/\/csillagosveny.com\/bankkartyas-fizetes-tajekoztato\/\"]}]},{\"@type\":\"BreadcrumbList\",\"@id\":\"https:\/\/csillagosveny.com\/bankkartyas-fizetes-tajekoztato\/#breadcrumb\",\"itemListElement\":[{\"@type\":\"ListItem\",\"position\":1,\"name\":\"Kezd\u0151lap\",\"item\":\"https:\/\/csillagosveny.com\/\"},{\"@type\":\"ListItem\",\"position\":2,\"name\":\"Bankk\u00e1rty\u00e1s fizet\u00e9s t\u00e1j\u00e9koztat\u00f3\"}]},{\"@type\":\"WebSite\",\"@id\":\"https:\/\/csillagosveny.com\/#website\",\"url\":\"https:\/\/csillagosveny.com\/\",\"name\":\"\u00d3pusztaszeri Csillag\u00f6sv\u00e9ny Labirintus \u00d6ko \u00c9lm\u00e9nypark\",\"description\":\"A Csillag\u00f6sv\u00e9ny \u00c9lm\u00e9nypark kiv\u00e1l\u00f3 v\u00e1laszt\u00e1s mindenkinek, aki \u00faj kalandokra v\u00e1gyik.\",\"publisher\":{\"@id\":\"https:\/\/csillagosveny.com\/#organization\"},\"potentialAction\":[{\"@type\":\"SearchAction\",\"target\":{\"@type\":\"EntryPoint\",\"urlTemplate\":\"https:\/\/csillagosveny.com\/?s={search_term_string}\"},\"query-input\":{\"@type\":\"PropertyValueSpecification\",\"valueRequired\":true,\"valueName\":\"search_term_string\"}}],\"inLanguage\":\"en-GB\"},{\"@type\":\"Organization\",\"@id\":\"https:\/\/csillagosveny.com\/#organization\",\"name\":\"\u00d3pusztaszeri Csillag\u00f6sv\u00e9ny Labirintus \u00d6ko \u00c9lm\u00e9nypark\",\"url\":\"https:\/\/csillagosveny.com\/\",\"logo\":{\"@type\":\"ImageObject\",\"inLanguage\":\"en-GB\",\"@id\":\"https:\/\/csillagosveny.com\/#\/schema\/logo\/image\/\",\"url\":\"https:\/\/csillagosveny.com\/wp-content\/uploads\/csillagosveny-logo.png\",\"contentUrl\":\"https:\/\/csillagosveny.com\/wp-content\/uploads\/csillagosveny-logo.png\",\"width\":300,\"height\":44,\"caption\":\"\u00d3pusztaszeri Csillag\u00f6sv\u00e9ny Labirintus \u00d6ko \u00c9lm\u00e9nypark\"},\"image\":{\"@id\":\"https:\/\/csillagosveny.com\/#\/schema\/logo\/image\/\"},\"sameAs\":[\"https:\/\/www.facebook.com\/csillagosveny\/\",\"https:\/\/www.instagram.com\/csillagosveny.labirintus\/\",\"https:\/\/www.youtube.com\/watch?v=yUp9Q0ntI8w\"]}]}<\/script>\n<!-- \/ Yoast SEO plugin. -->","yoast_head_json":{"title":"Bankk\u00e1rty\u00e1s fizet\u00e9s t\u00e1j\u00e9koztat\u00f3 | \u00d3pusztaszeri Csillag\u00f6sv\u00e9ny Labirintus \u00d6ko \u00c9lm\u00e9nypark","robots":{"index":"index","follow":"follow","max-snippet":"max-snippet:-1","max-image-preview":"max-image-preview:large","max-video-preview":"max-video-preview:-1"},"canonical":"https:\/\/csillagosveny.com\/en\/payment-by-credit-card-information\/","og_locale":"en_GB","og_type":"article","og_title":"Bankk\u00e1rty\u00e1s fizet\u00e9s t\u00e1j\u00e9koztat\u00f3 | \u00d3pusztaszeri Csillag\u00f6sv\u00e9ny Labirintus \u00d6ko \u00c9lm\u00e9nypark","og_description":"Bankk\u00e1rty\u00e1s fizet\u00e9si t\u00e1j\u00e9koztat\u00f3 Here you can find information about our privacy policy and other company-related documents. If you are interested, please contact us via email. Bankk\u00e1rty\u00e1s fizet\u00e9s elfogad\u00f3 neve: Gergely G\u00e1bor ev.c\u00edm: H-6767 \u00d3pusztaszer, Szoborkert u. 1.Tel.: +36-30\/981-9914e-mail: info@csillagosveny.comAd\u00f3sz\u00e1m: 78823338-2-26 A bankk\u00e1rty\u00e1s fizet\u00e9s r\u00e9v\u00e9n \u00d6n k\u00e9nyelmesen \u00e9s biztons\u00e1gosan v\u00e1s\u00e1rolhat \u00e1ruh\u00e1zunkban. A kiv\u00e1lasztott \u00e1ruk megrendel\u00e9se ut\u00e1n [&hellip;]","og_url":"https:\/\/csillagosveny.com\/en\/payment-by-credit-card-information\/","og_site_name":"\u00d3pusztaszeri Csillag\u00f6sv\u00e9ny Labirintus \u00d6ko \u00c9lm\u00e9nypark","article_publisher":"https:\/\/www.facebook.com\/csillagosveny\/","article_modified_time":"2025-03-08T15:00:09+00:00","twitter_card":"summary_large_image","twitter_misc":{"Estimated reading time":"8 minutes"},"schema":{"@context":"https:\/\/schema.org","@graph":[{"@type":"WebPage","@id":"https:\/\/csillagosveny.com\/bankkartyas-fizetes-tajekoztato\/","url":"https:\/\/csillagosveny.com\/bankkartyas-fizetes-tajekoztato\/","name":"Bankk\u00e1rty\u00e1s fizet\u00e9s t\u00e1j\u00e9koztat\u00f3 | \u00d3pusztaszeri Csillag\u00f6sv\u00e9ny Labirintus \u00d6ko \u00c9lm\u00e9nypark","isPartOf":{"@id":"https:\/\/csillagosveny.com\/#website"},"datePublished":"2022-05-05T08:08:46+00:00","dateModified":"2025-03-08T15:00:09+00:00","breadcrumb":{"@id":"https:\/\/csillagosveny.com\/bankkartyas-fizetes-tajekoztato\/#breadcrumb"},"inLanguage":"en-GB","potentialAction":[{"@type":"ReadAction","target":["https:\/\/csillagosveny.com\/bankkartyas-fizetes-tajekoztato\/"]}]},{"@type":"BreadcrumbList","@id":"https:\/\/csillagosveny.com\/bankkartyas-fizetes-tajekoztato\/#breadcrumb","itemListElement":[{"@type":"ListItem","position":1,"name":"Kezd\u0151lap","item":"https:\/\/csillagosveny.com\/"},{"@type":"ListItem","position":2,"name":"Bankk\u00e1rty\u00e1s fizet\u00e9s t\u00e1j\u00e9koztat\u00f3"}]},{"@type":"WebSite","@id":"https:\/\/csillagosveny.com\/#website","url":"https:\/\/csillagosveny.com\/","name":"\u00d3pusztaszeri Csillag\u00f6sv\u00e9ny Labirintus \u00d6ko \u00c9lm\u00e9nypark","description":"A Csillag\u00f6sv\u00e9ny \u00c9lm\u00e9nypark kiv\u00e1l\u00f3 v\u00e1laszt\u00e1s mindenkinek, aki \u00faj kalandokra v\u00e1gyik.","publisher":{"@id":"https:\/\/csillagosveny.com\/#organization"},"potentialAction":[{"@type":"SearchAction","target":{"@type":"EntryPoint","urlTemplate":"https:\/\/csillagosveny.com\/?s={search_term_string}"},"query-input":{"@type":"PropertyValueSpecification","valueRequired":true,"valueName":"search_term_string"}}],"inLanguage":"en-GB"},{"@type":"Organization","@id":"https:\/\/csillagosveny.com\/#organization","name":"\u00d3pusztaszeri Csillag\u00f6sv\u00e9ny Labirintus \u00d6ko \u00c9lm\u00e9nypark","url":"https:\/\/csillagosveny.com\/","logo":{"@type":"ImageObject","inLanguage":"en-GB","@id":"https:\/\/csillagosveny.com\/#\/schema\/logo\/image\/","url":"https:\/\/csillagosveny.com\/wp-content\/uploads\/csillagosveny-logo.png","contentUrl":"https:\/\/csillagosveny.com\/wp-content\/uploads\/csillagosveny-logo.png","width":300,"height":44,"caption":"\u00d3pusztaszeri Csillag\u00f6sv\u00e9ny Labirintus \u00d6ko \u00c9lm\u00e9nypark"},"image":{"@id":"https:\/\/csillagosveny.com\/#\/schema\/logo\/image\/"},"sameAs":["https:\/\/www.facebook.com\/csillagosveny\/","https:\/\/www.instagram.com\/csillagosveny.labirintus\/","https:\/\/www.youtube.com\/watch?v=yUp9Q0ntI8w"]}]}},"_links":{"self":[{"href":"https:\/\/csillagosveny.com\/en\/wp-json\/wp\/v2\/pages\/15","targetHints":{"allow":["GET"]}}],"collection":[{"href":"https:\/\/csillagosveny.com\/en\/wp-json\/wp\/v2\/pages"}],"about":[{"href":"https:\/\/csillagosveny.com\/en\/wp-json\/wp\/v2\/types\/page"}],"author":[{"embeddable":true,"href":"https:\/\/csillagosveny.com\/en\/wp-json\/wp\/v2\/users\/1"}],"replies":[{"embeddable":true,"href":"https:\/\/csillagosveny.com\/en\/wp-json\/wp\/v2\/comments?post=15"}],"version-history":[{"count":0,"href":"https:\/\/csillagosveny.com\/en\/wp-json\/wp\/v2\/pages\/15\/revisions"}],"wp:attachment":[{"href":"https:\/\/csillagosveny.com\/en\/wp-json\/wp\/v2\/media?parent=15"}],"curies":[{"name":"wp","href":"https:\/\/api.w.org\/{rel}","templated":true}]}}