{"id":1851,"date":"2022-05-19T10:49:06","date_gmt":"2022-05-19T08:49:06","guid":{"rendered":"https:\/\/csillagosveny.com\/kosar\/"},"modified":"2022-05-19T16:44:23","modified_gmt":"2022-05-19T14:44:23","slug":"kosar","status":"publish","type":"page","link":"https:\/\/csillagosveny.com\/en\/cart\/","title":{"rendered":"Basket"},"content":{"rendered":"<p>[et_pb_section fb_built=&#8221;1&#8243; _builder_version=&#8221;4.16&#8243; global_colors_info=&#8221;{}&#8221;][et_pb_row _builder_version=&#8221;4.16&#8243; background_size=&#8221;initial&#8221; background_position=&#8221;top_left&#8221; background_repeat=&#8221;repeat&#8221; global_colors_info=&#8221;{}&#8221;][et_pb_column type=&#8221;4_4&#8243; _builder_version=&#8221;4.16&#8243; custom_padding=&#8221;|||&#8221; global_colors_info=&#8221;{}&#8221; custom_padding__hover=&#8221;|||&#8221;][et_pb_post_title meta=&#8221;off&#8221; featured_image=&#8221;off&#8221; _builder_version=&#8221;4.16&#8243; global_colors_info=&#8221;{}&#8221;][\/et_pb_post_title][et_pb_wc_cart_notice _builder_version=&#8221;4.17.4&#8243; custom_button=&#8221;on&#8221; button_text_color=&#8221;#FFFFFF&#8221; button_bg_color=&#8221;#2C3E50&#8243; button_border_width=&#8221;0px&#8221; button_border_radius=&#8221;15px&#8221; button_font=&#8221;|700||on|||||&#8221; button_icon=&#8221;&#xf217;||fa||900&#8243; global_colors_info=&#8221;{}&#8221; button_text_color__hover=&#8221;#FFFFFF&#8221; button_text_color__hover_enabled=&#8221;on|hover&#8221; button_bg_color__hover=&#8221;#27AE60&#8243; button_bg_color__hover_enabled=&#8221;on|hover&#8221;][\/et_pb_wc_cart_notice][et_pb_wc_cart_products _builder_version=&#8221;4.17.4&#8243; hover_enabled=&#8221;0&#8243; global_colors_info=&#8221;{}&#8221; custom_button=&#8221;on&#8221; button_border_radius=&#8221;15px&#8221; button_icon=&#8221;&#xf021;||fa||900&#8243; custom_disabled_button=&#8221;on&#8221; disabled_button_font=&#8221;|||on|||||&#8221; disabled_button_border_radius=&#8221;15px&#8221; sticky_enabled=&#8221;0&#8243; button_bg_color=&#8221;#2C3E50&#8243; button_bg_enable_color=&#8221;on&#8221; button_text_color=&#8221;#FFFFFF&#8221; button_border_width=&#8221;0px&#8221; button_font=&#8221;|||on|||||&#8221; button_bg_color__hover_enabled=&#8221;on|hover&#8221; button_bg_color__hover=&#8221;#27AE60&#8243; button_bg_enable_color__hover=&#8221;on&#8221;][\/et_pb_wc_cart_products][\/et_pb_column][\/et_pb_row][et_pb_row column_structure=&#8221;1_2,1_2&#8243; _builder_version=&#8221;4.16&#8243; background_size=&#8221;initial&#8221; background_position=&#8221;top_left&#8221; background_repeat=&#8221;repeat&#8221; global_colors_info=&#8221;{}&#8221;][et_pb_column type=&#8221;1_2&#8243; _builder_version=&#8221;4.16&#8243; custom_padding=&#8221;|||&#8221; global_colors_info=&#8221;{}&#8221; custom_padding__hover=&#8221;|||&#8221;][\/et_pb_column][et_pb_column type=&#8221;1_2&#8243; _builder_version=&#8221;4.16&#8243; custom_padding=&#8221;|||&#8221; global_colors_info=&#8221;{}&#8221; custom_padding__hover=&#8221;|||&#8221;][et_pb_wc_cart_totals _builder_version=&#8221;4.17.4&#8243; custom_button=&#8221;on&#8221; button_text_color=&#8221;#FFFFFF&#8221; button_bg_color=&#8221;#2C3E50&#8243; button_border_width=&#8221;0px&#8221; button_border_radius=&#8221;15px&#8221; button_font=&#8221;|700||on|||||&#8221; button_icon=&#8221;&#xf571;||fa||900&#8243; button_on_hover=&#8221;off&#8221; global_colors_info=&#8221;{}&#8221; button_text_color__hover=&#8221;#FFFFFF&#8221; button_text_color__hover_enabled=&#8221;on|hover&#8221; button_bg_color__hover=&#8221;#27AE60&#8243; button_bg_color__hover_enabled=&#8221;on|hover&#8221; button_bg_enable_color__hover=&#8221;on&#8221;][\/et_pb_wc_cart_totals][\/et_pb_column][\/et_pb_row][\/et_pb_section]<\/p>","protected":false},"excerpt":{"rendered":"","protected":false},"author":1,"featured_media":0,"parent":0,"menu_order":0,"comment_status":"closed","ping_status":"closed","template":"","meta":{"_et_pb_use_builder":"on","_et_pb_old_content":"<!-- wp:shortcode -->[woocommerce_cart]<!-- \/wp:shortcode -->","_et_gb_content_width":"","footnotes":""},"class_list":["post-1851","page","type-page","status-publish","hentry"],"yoast_head":"<!-- This site is optimized with the Yoast SEO plugin v24.9 - https:\/\/yoast.com\/wordpress\/plugins\/seo\/ -->\n<title>Kos\u00e1r | \u00d3pusztaszeri Csillag\u00f6sv\u00e9ny Labirintus \u00d6ko \u00c9lm\u00e9nypark<\/title>\n<meta name=\"robots\" content=\"index, follow, max-snippet:-1, max-image-preview:large, max-video-preview:-1\" \/>\n<link rel=\"canonical\" href=\"https:\/\/csillagosveny.com\/en\/cart\/\" \/>\n<meta property=\"og:locale\" content=\"en_GB\" \/>\n<meta property=\"og:type\" content=\"article\" \/>\n<meta property=\"og:title\" content=\"Kos\u00e1r | \u00d3pusztaszeri Csillag\u00f6sv\u00e9ny Labirintus \u00d6ko \u00c9lm\u00e9nypark\" \/>\n<meta property=\"og:url\" content=\"https:\/\/csillagosveny.com\/en\/cart\/\" \/>\n<meta property=\"og:site_name\" content=\"\u00d3pusztaszeri Csillag\u00f6sv\u00e9ny Labirintus \u00d6ko \u00c9lm\u00e9nypark\" \/>\n<meta property=\"article:publisher\" content=\"https:\/\/www.facebook.com\/csillagosveny\/\" \/>\n<meta property=\"article:modified_time\" content=\"2022-05-19T14:44:23+00:00\" \/>\n<meta name=\"twitter:card\" content=\"summary_large_image\" \/>\n<meta name=\"twitter:label1\" content=\"Estimated reading time\" \/>\n\t<meta name=\"twitter:data1\" content=\"2 minutes\" \/>\n<script type=\"application\/ld+json\" class=\"yoast-schema-graph\">{\"@context\":\"https:\/\/schema.org\",\"@graph\":[{\"@type\":\"WebPage\",\"@id\":\"https:\/\/csillagosveny.com\/kosar\/\",\"url\":\"https:\/\/csillagosveny.com\/kosar\/\",\"name\":\"Kos\u00e1r | \u00d3pusztaszeri Csillag\u00f6sv\u00e9ny Labirintus \u00d6ko \u00c9lm\u00e9nypark\",\"isPartOf\":{\"@id\":\"https:\/\/csillagosveny.com\/#website\"},\"datePublished\":\"2022-05-19T08:49:06+00:00\",\"dateModified\":\"2022-05-19T14:44:23+00:00\",\"breadcrumb\":{\"@id\":\"https:\/\/csillagosveny.com\/kosar\/#breadcrumb\"},\"inLanguage\":\"en-GB\",\"potentialAction\":[{\"@type\":\"ReadAction\",\"target\":[\"https:\/\/csillagosveny.com\/kosar\/\"]}]},{\"@type\":\"BreadcrumbList\",\"@id\":\"https:\/\/csillagosveny.com\/kosar\/#breadcrumb\",\"itemListElement\":[{\"@type\":\"ListItem\",\"position\":1,\"name\":\"Kezd\u0151lap\",\"item\":\"https:\/\/csillagosveny.com\/\"},{\"@type\":\"ListItem\",\"position\":2,\"name\":\"Kos\u00e1r\"}]},{\"@type\":\"WebSite\",\"@id\":\"https:\/\/csillagosveny.com\/#website\",\"url\":\"https:\/\/csillagosveny.com\/\",\"name\":\"\u00d3pusztaszeri Csillag\u00f6sv\u00e9ny Labirintus \u00d6ko \u00c9lm\u00e9nypark\",\"description\":\"A Csillag\u00f6sv\u00e9ny \u00c9lm\u00e9nypark kiv\u00e1l\u00f3 v\u00e1laszt\u00e1s mindenkinek, aki \u00faj kalandokra v\u00e1gyik.\",\"publisher\":{\"@id\":\"https:\/\/csillagosveny.com\/#organization\"},\"potentialAction\":[{\"@type\":\"SearchAction\",\"target\":{\"@type\":\"EntryPoint\",\"urlTemplate\":\"https:\/\/csillagosveny.com\/?s={search_term_string}\"},\"query-input\":{\"@type\":\"PropertyValueSpecification\",\"valueRequired\":true,\"valueName\":\"search_term_string\"}}],\"inLanguage\":\"en-GB\"},{\"@type\":\"Organization\",\"@id\":\"https:\/\/csillagosveny.com\/#organization\",\"name\":\"\u00d3pusztaszeri Csillag\u00f6sv\u00e9ny Labirintus \u00d6ko \u00c9lm\u00e9nypark\",\"url\":\"https:\/\/csillagosveny.com\/\",\"logo\":{\"@type\":\"ImageObject\",\"inLanguage\":\"en-GB\",\"@id\":\"https:\/\/csillagosveny.com\/#\/schema\/logo\/image\/\",\"url\":\"https:\/\/csillagosveny.com\/wp-content\/uploads\/csillagosveny-logo.png\",\"contentUrl\":\"https:\/\/csillagosveny.com\/wp-content\/uploads\/csillagosveny-logo.png\",\"width\":300,\"height\":44,\"caption\":\"\u00d3pusztaszeri Csillag\u00f6sv\u00e9ny Labirintus \u00d6ko \u00c9lm\u00e9nypark\"},\"image\":{\"@id\":\"https:\/\/csillagosveny.com\/#\/schema\/logo\/image\/\"},\"sameAs\":[\"https:\/\/www.facebook.com\/csillagosveny\/\",\"https:\/\/www.instagram.com\/csillagosveny.labirintus\/\",\"https:\/\/www.youtube.com\/watch?v=yUp9Q0ntI8w\"]}]}<\/script>\n<!-- \/ Yoast SEO plugin. -->","yoast_head_json":{"title":"Kos\u00e1r | \u00d3pusztaszeri Csillag\u00f6sv\u00e9ny Labirintus \u00d6ko \u00c9lm\u00e9nypark","robots":{"index":"index","follow":"follow","max-snippet":"max-snippet:-1","max-image-preview":"max-image-preview:large","max-video-preview":"max-video-preview:-1"},"canonical":"https:\/\/csillagosveny.com\/en\/cart\/","og_locale":"en_GB","og_type":"article","og_title":"Kos\u00e1r | \u00d3pusztaszeri Csillag\u00f6sv\u00e9ny Labirintus \u00d6ko \u00c9lm\u00e9nypark","og_url":"https:\/\/csillagosveny.com\/en\/cart\/","og_site_name":"\u00d3pusztaszeri Csillag\u00f6sv\u00e9ny Labirintus \u00d6ko \u00c9lm\u00e9nypark","article_publisher":"https:\/\/www.facebook.com\/csillagosveny\/","article_modified_time":"2022-05-19T14:44:23+00:00","twitter_card":"summary_large_image","twitter_misc":{"Estimated reading time":"2 minutes"},"schema":{"@context":"https:\/\/schema.org","@graph":[{"@type":"WebPage","@id":"https:\/\/csillagosveny.com\/kosar\/","url":"https:\/\/csillagosveny.com\/kosar\/","name":"Kos\u00e1r | \u00d3pusztaszeri Csillag\u00f6sv\u00e9ny Labirintus \u00d6ko \u00c9lm\u00e9nypark","isPartOf":{"@id":"https:\/\/csillagosveny.com\/#website"},"datePublished":"2022-05-19T08:49:06+00:00","dateModified":"2022-05-19T14:44:23+00:00","breadcrumb":{"@id":"https:\/\/csillagosveny.com\/kosar\/#breadcrumb"},"inLanguage":"en-GB","potentialAction":[{"@type":"ReadAction","target":["https:\/\/csillagosveny.com\/kosar\/"]}]},{"@type":"BreadcrumbList","@id":"https:\/\/csillagosveny.com\/kosar\/#breadcrumb","itemListElement":[{"@type":"ListItem","position":1,"name":"Kezd\u0151lap","item":"https:\/\/csillagosveny.com\/"},{"@type":"ListItem","position":2,"name":"Kos\u00e1r"}]},{"@type":"WebSite","@id":"https:\/\/csillagosveny.com\/#website","url":"https:\/\/csillagosveny.com\/","name":"\u00d3pusztaszeri Csillag\u00f6sv\u00e9ny Labirintus \u00d6ko \u00c9lm\u00e9nypark","description":"A Csillag\u00f6sv\u00e9ny \u00c9lm\u00e9nypark kiv\u00e1l\u00f3 v\u00e1laszt\u00e1s mindenkinek, aki \u00faj kalandokra v\u00e1gyik.","publisher":{"@id":"https:\/\/csillagosveny.com\/#organization"},"potentialAction":[{"@type":"SearchAction","target":{"@type":"EntryPoint","urlTemplate":"https:\/\/csillagosveny.com\/?s={search_term_string}"},"query-input":{"@type":"PropertyValueSpecification","valueRequired":true,"valueName":"search_term_string"}}],"inLanguage":"en-GB"},{"@type":"Organization","@id":"https:\/\/csillagosveny.com\/#organization","name":"\u00d3pusztaszeri Csillag\u00f6sv\u00e9ny Labirintus \u00d6ko \u00c9lm\u00e9nypark","url":"https:\/\/csillagosveny.com\/","logo":{"@type":"ImageObject","inLanguage":"en-GB","@id":"https:\/\/csillagosveny.com\/#\/schema\/logo\/image\/","url":"https:\/\/csillagosveny.com\/wp-content\/uploads\/csillagosveny-logo.png","contentUrl":"https:\/\/csillagosveny.com\/wp-content\/uploads\/csillagosveny-logo.png","width":300,"height":44,"caption":"\u00d3pusztaszeri Csillag\u00f6sv\u00e9ny Labirintus \u00d6ko \u00c9lm\u00e9nypark"},"image":{"@id":"https:\/\/csillagosveny.com\/#\/schema\/logo\/image\/"},"sameAs":["https:\/\/www.facebook.com\/csillagosveny\/","https:\/\/www.instagram.com\/csillagosveny.labirintus\/","https:\/\/www.youtube.com\/watch?v=yUp9Q0ntI8w"]}]}},"_links":{"self":[{"href":"https:\/\/csillagosveny.com\/en\/wp-json\/wp\/v2\/pages\/1851","targetHints":{"allow":["GET"]}}],"collection":[{"href":"https:\/\/csillagosveny.com\/en\/wp-json\/wp\/v2\/pages"}],"about":[{"href":"https:\/\/csillagosveny.com\/en\/wp-json\/wp\/v2\/types\/page"}],"author":[{"embeddable":true,"href":"https:\/\/csillagosveny.com\/en\/wp-json\/wp\/v2\/users\/1"}],"replies":[{"embeddable":true,"href":"https:\/\/csillagosveny.com\/en\/wp-json\/wp\/v2\/comments?post=1851"}],"version-history":[{"count":0,"href":"https:\/\/csillagosveny.com\/en\/wp-json\/wp\/v2\/pages\/1851\/revisions"}],"wp:attachment":[{"href":"https:\/\/csillagosveny.com\/en\/wp-json\/wp\/v2\/media?parent=1851"}],"curies":[{"name":"wp","href":"https:\/\/api.w.org\/{rel}","templated":true}]}}