{"id":2921,"date":"2023-01-18T10:05:12","date_gmt":"2023-01-18T09:05:12","guid":{"rendered":"https:\/\/csillagosveny.com\/?page_id=2921"},"modified":"2025-03-11T22:21:40","modified_gmt":"2025-03-11T21:21:40","slug":"online-ajandekutalvany","status":"publish","type":"page","link":"https:\/\/csillagosveny.com\/en\/online-gift-vouchers\/","title":{"rendered":"Online Gift Vouchers"},"content":{"rendered":"<p>[et_pb_section fb_built=&#8221;1&#8243; _builder_version=&#8221;4.17.3&#8243; _module_preset=&#8221;default&#8221; custom_padding=&#8221;0px||0px||false|false&#8221; global_colors_info=&#8221;{}&#8221;][et_pb_row column_structure=&#8221;1_2,1_2&#8243; _builder_version=&#8221;4.17.3&#8243; _module_preset=&#8221;default&#8221; global_colors_info=&#8221;{}&#8221;][et_pb_column type=&#8221;1_2&#8243; _builder_version=&#8221;4.17.4&#8243; _module_preset=&#8221;default&#8221; global_colors_info=&#8221;{}&#8221;][et_pb_image src=&#8221;https:\/\/csillagosveny.com\/wp-content\/uploads\/ajandekutalvany.png&#8221; alt=&#8221;Csillag\u00f6sv\u00e9ny kedvezm\u00e9nyes online jegy&#8221; title_text=&#8221;ajandekutalvany&#8221; _builder_version=&#8221;4.17.4&#8243; _module_preset=&#8221;default&#8221; global_colors_info=&#8221;{}&#8221;][\/et_pb_image][\/et_pb_column][et_pb_column type=&#8221;1_2&#8243; _builder_version=&#8221;4.17.3&#8243; _module_preset=&#8221;default&#8221; global_colors_info=&#8221;{}&#8221;][et_pb_text _builder_version=&#8221;4.17.4&#8243; _module_preset=&#8221;default&#8221; header_font=&#8221;|800|||||||&#8221; header_font_size=&#8221;45px&#8221; header_font_size_tablet=&#8221;45px&#8221; header_font_size_phone=&#8221;28px&#8221; header_font_size_last_edited=&#8221;on|phone&#8221; global_colors_info=&#8221;{}&#8221;]<\/p>\n<h1 style=\"text-align: center;\">Gift Voucher<\/h1>\n<p>[\/et_pb_text][et_pb_text _builder_version=&#8221;4.27.4&#8243; _module_preset=&#8221;default&#8221; text_font_size=&#8221;19px&#8221; text_line_height=&#8221;1.9em&#8221; header_2_font=&#8221;|600|||||||&#8221; header_2_text_color=&#8221;#27AE60&#8243; text_orientation=&#8221;justified&#8221; hover_enabled=&#8221;0&#8243; header_2_font_size_tablet=&#8221;&#8221; header_2_font_size_phone=&#8221;22px&#8221; header_2_font_size_last_edited=&#8221;on|phone&#8221; global_colors_info=&#8221;{}&#8221; sticky_enabled=&#8221;0&#8243;]<\/p>\n<p style=\"text-align: center;\"><strong>Give the gift of an unforgettable experience!<\/strong><\/p>\n<p style=\"text-align: center;\">Csillag\u00f6sv\u00e9ny Labyrinth Eco Adventure Park is a unique destination in Central Europe. It offers a world of mazes, logic puzzles, traditional folk games, and children\u2019s activities for everyone\u2014from the youngest visitors to active seniors.<\/p>\n<p style=\"text-align: center;\">Gift vouchers are sent electronically to the buyer\u2019s email based on the online ticket purchase. When making payment, please include \u201cGIFT\u201d in the comments so we know it is intended as a surprise.<\/p>\n<p>[\/et_pb_text][\/et_pb_column][\/et_pb_row][et_pb_row _builder_version=&#8221;4.17.4&#8243; _module_preset=&#8221;default&#8221; background_color=&#8221;#2C3E50&#8243; border_radii=&#8221;on|15px|15px|15px|15px&#8221; box_shadow_style=&#8221;preset1&#8243; global_module=&#8221;1738&#8243; saved_tabs=&#8221;all&#8221; global_colors_info=&#8221;{}&#8221;][et_pb_column type=&#8221;4_4&#8243; _builder_version=&#8221;4.17.4&#8243; _module_preset=&#8221;default&#8221; global_colors_info=&#8221;{}&#8221;][et_pb_button button_url=&#8221;\/jegyvasarlas\/&#8221; button_text=&#8221;Jegyet v\u00e1s\u00e1rolok&#8221; button_alignment=&#8221;center&#8221; _builder_version=&#8221;4.17.4&#8243; _module_preset=&#8221;default&#8221; custom_button=&#8221;on&#8221; button_text_color=&#8221;#FFFFFF&#8221; button_bg_color=&#8221;#27AE60&#8243; button_border_width=&#8221;0px&#8221; button_border_radius=&#8221;15px&#8221; button_font=&#8221;|700||on|||||&#8221; button_icon=&#8221;&#xf3ff;||fa||900&#8243; button_on_hover=&#8221;off&#8221; global_colors_info=&#8221;{}&#8221; button_bg_color__hover_enabled=&#8221;on|hover&#8221; button_bg_color__hover=&#8221;#FFFFFF&#8221; button_bg_enable_color__hover=&#8221;on&#8221; button_text_color__hover_enabled=&#8221;on|hover&#8221; button_text_color__hover=&#8221;#27AE60&#8243;][\/et_pb_button][\/et_pb_column][\/et_pb_row][et_pb_row _builder_version=&#8221;4.17.4&#8243; _module_preset=&#8221;default&#8221; global_colors_info=&#8221;{}&#8221;][et_pb_column type=&#8221;4_4&#8243; _builder_version=&#8221;4.17.4&#8243; _module_preset=&#8221;default&#8221; global_colors_info=&#8221;{}&#8221;][\/et_pb_column][\/et_pb_row][\/et_pb_section]<\/p>","protected":false},"excerpt":{"rendered":"<p>Aj\u00e1nd\u00e9kutalv\u00e1nyAj\u00e1nd\u00e9kozz egy felejthetetlen \u00e9lm\u00e9nyt! A Csillag\u00f6sv\u00e9ny Labirintus \u00d6ko \u00c9lm\u00e9nypark egy egyedi helysz\u00edn eg\u00e9sz K\u00f6z\u00e9p-Eur\u00f3p\u00e1ban. Az \u00fatveszt\u0151k, logikai feladv\u00e1nyok, n\u00e9pi- \u00e9s gyermekj\u00e1t\u00e9kok vil\u00e1g\u00e1t k\u00edn\u00e1lja a legkisebb gyermekekt\u0151l kezdve az akt\u00edv id\u0151sekig. Az aj\u00e1nd\u00e9kkuponokat az online megv\u00e1ltott jegyek alapj\u00e1n elektronikus \u00faton k\u00fcldj\u00fck a megrendel\u0151 email c\u00edm\u00e9re. Fizet\u00e9skor k\u00e9r\u00fcnk, t\u00fcntesd fel a megjegyz\u00e9sben, hogy AJ\u00c1ND\u00c9K, \u00edgy mi tudni [&hellip;]<\/p>","protected":false},"author":1,"featured_media":0,"parent":0,"menu_order":0,"comment_status":"closed","ping_status":"closed","template":"","meta":{"_et_pb_use_builder":"on","_et_pb_old_content":"<!-- wp:divi\/placeholder \/-->","_et_gb_content_width":"","footnotes":""},"class_list":["post-2921","page","type-page","status-publish","hentry"],"yoast_head":"<!-- This site is optimized with the Yoast SEO plugin v24.9 - https:\/\/yoast.com\/wordpress\/plugins\/seo\/ -->\n<title>Online aj\u00e1nd\u00e9kutalv\u00e1ny | \u00d3pusztaszeri Csillag\u00f6sv\u00e9ny Labirintus \u00d6ko \u00c9lm\u00e9nypark<\/title>\n<meta name=\"robots\" content=\"index, follow, max-snippet:-1, max-image-preview:large, max-video-preview:-1\" \/>\n<link rel=\"canonical\" href=\"https:\/\/csillagosveny.com\/en\/online-gift-vouchers\/\" \/>\n<meta property=\"og:locale\" content=\"en_GB\" \/>\n<meta property=\"og:type\" content=\"article\" \/>\n<meta property=\"og:title\" content=\"Online aj\u00e1nd\u00e9kutalv\u00e1ny | \u00d3pusztaszeri Csillag\u00f6sv\u00e9ny Labirintus \u00d6ko \u00c9lm\u00e9nypark\" \/>\n<meta property=\"og:description\" content=\"Aj\u00e1nd\u00e9kutalv\u00e1nyAj\u00e1nd\u00e9kozz egy felejthetetlen \u00e9lm\u00e9nyt! A Csillag\u00f6sv\u00e9ny Labirintus \u00d6ko \u00c9lm\u00e9nypark egy egyedi helysz\u00edn eg\u00e9sz K\u00f6z\u00e9p-Eur\u00f3p\u00e1ban. Az \u00fatveszt\u0151k, logikai feladv\u00e1nyok, n\u00e9pi- \u00e9s gyermekj\u00e1t\u00e9kok vil\u00e1g\u00e1t k\u00edn\u00e1lja a legkisebb gyermekekt\u0151l kezdve az akt\u00edv id\u0151sekig. Az aj\u00e1nd\u00e9kkuponokat az online megv\u00e1ltott jegyek alapj\u00e1n elektronikus \u00faton k\u00fcldj\u00fck a megrendel\u0151 email c\u00edm\u00e9re. Fizet\u00e9skor k\u00e9r\u00fcnk, t\u00fcntesd fel a megjegyz\u00e9sben, hogy AJ\u00c1ND\u00c9K, \u00edgy mi tudni [&hellip;]\" \/>\n<meta property=\"og:url\" content=\"https:\/\/csillagosveny.com\/en\/online-gift-vouchers\/\" \/>\n<meta property=\"og:site_name\" content=\"\u00d3pusztaszeri Csillag\u00f6sv\u00e9ny Labirintus \u00d6ko \u00c9lm\u00e9nypark\" \/>\n<meta property=\"article:publisher\" content=\"https:\/\/www.facebook.com\/csillagosveny\/\" \/>\n<meta property=\"article:modified_time\" content=\"2025-03-11T21:21:40+00:00\" \/>\n<meta name=\"twitter:card\" content=\"summary_large_image\" \/>\n<script type=\"application\/ld+json\" class=\"yoast-schema-graph\">{\"@context\":\"https:\/\/schema.org\",\"@graph\":[{\"@type\":\"WebPage\",\"@id\":\"https:\/\/csillagosveny.com\/online-ajandekutalvany\/\",\"url\":\"https:\/\/csillagosveny.com\/online-ajandekutalvany\/\",\"name\":\"Online aj\u00e1nd\u00e9kutalv\u00e1ny | \u00d3pusztaszeri Csillag\u00f6sv\u00e9ny Labirintus \u00d6ko \u00c9lm\u00e9nypark\",\"isPartOf\":{\"@id\":\"https:\/\/csillagosveny.com\/#website\"},\"datePublished\":\"2023-01-18T09:05:12+00:00\",\"dateModified\":\"2025-03-11T21:21:40+00:00\",\"breadcrumb\":{\"@id\":\"https:\/\/csillagosveny.com\/online-ajandekutalvany\/#breadcrumb\"},\"inLanguage\":\"en-GB\",\"potentialAction\":[{\"@type\":\"ReadAction\",\"target\":[\"https:\/\/csillagosveny.com\/online-ajandekutalvany\/\"]}]},{\"@type\":\"BreadcrumbList\",\"@id\":\"https:\/\/csillagosveny.com\/online-ajandekutalvany\/#breadcrumb\",\"itemListElement\":[{\"@type\":\"ListItem\",\"position\":1,\"name\":\"Kezd\u0151lap\",\"item\":\"https:\/\/csillagosveny.com\/\"},{\"@type\":\"ListItem\",\"position\":2,\"name\":\"Online aj\u00e1nd\u00e9kutalv\u00e1ny\"}]},{\"@type\":\"WebSite\",\"@id\":\"https:\/\/csillagosveny.com\/#website\",\"url\":\"https:\/\/csillagosveny.com\/\",\"name\":\"\u00d3pusztaszeri Csillag\u00f6sv\u00e9ny Labirintus \u00d6ko \u00c9lm\u00e9nypark\",\"description\":\"A Csillag\u00f6sv\u00e9ny \u00c9lm\u00e9nypark kiv\u00e1l\u00f3 v\u00e1laszt\u00e1s mindenkinek, aki \u00faj kalandokra v\u00e1gyik.\",\"publisher\":{\"@id\":\"https:\/\/csillagosveny.com\/#organization\"},\"potentialAction\":[{\"@type\":\"SearchAction\",\"target\":{\"@type\":\"EntryPoint\",\"urlTemplate\":\"https:\/\/csillagosveny.com\/?s={search_term_string}\"},\"query-input\":{\"@type\":\"PropertyValueSpecification\",\"valueRequired\":true,\"valueName\":\"search_term_string\"}}],\"inLanguage\":\"en-GB\"},{\"@type\":\"Organization\",\"@id\":\"https:\/\/csillagosveny.com\/#organization\",\"name\":\"\u00d3pusztaszeri Csillag\u00f6sv\u00e9ny Labirintus \u00d6ko \u00c9lm\u00e9nypark\",\"url\":\"https:\/\/csillagosveny.com\/\",\"logo\":{\"@type\":\"ImageObject\",\"inLanguage\":\"en-GB\",\"@id\":\"https:\/\/csillagosveny.com\/#\/schema\/logo\/image\/\",\"url\":\"https:\/\/csillagosveny.com\/wp-content\/uploads\/csillagosveny-logo.png\",\"contentUrl\":\"https:\/\/csillagosveny.com\/wp-content\/uploads\/csillagosveny-logo.png\",\"width\":300,\"height\":44,\"caption\":\"\u00d3pusztaszeri Csillag\u00f6sv\u00e9ny Labirintus \u00d6ko \u00c9lm\u00e9nypark\"},\"image\":{\"@id\":\"https:\/\/csillagosveny.com\/#\/schema\/logo\/image\/\"},\"sameAs\":[\"https:\/\/www.facebook.com\/csillagosveny\/\",\"https:\/\/www.instagram.com\/csillagosveny.labirintus\/\",\"https:\/\/www.youtube.com\/watch?v=yUp9Q0ntI8w\"]}]}<\/script>\n<!-- \/ Yoast SEO plugin. -->","yoast_head_json":{"title":"Online aj\u00e1nd\u00e9kutalv\u00e1ny | \u00d3pusztaszeri Csillag\u00f6sv\u00e9ny Labirintus \u00d6ko \u00c9lm\u00e9nypark","robots":{"index":"index","follow":"follow","max-snippet":"max-snippet:-1","max-image-preview":"max-image-preview:large","max-video-preview":"max-video-preview:-1"},"canonical":"https:\/\/csillagosveny.com\/en\/online-gift-vouchers\/","og_locale":"en_GB","og_type":"article","og_title":"Online aj\u00e1nd\u00e9kutalv\u00e1ny | \u00d3pusztaszeri Csillag\u00f6sv\u00e9ny Labirintus \u00d6ko \u00c9lm\u00e9nypark","og_description":"Aj\u00e1nd\u00e9kutalv\u00e1nyAj\u00e1nd\u00e9kozz egy felejthetetlen \u00e9lm\u00e9nyt! A Csillag\u00f6sv\u00e9ny Labirintus \u00d6ko \u00c9lm\u00e9nypark egy egyedi helysz\u00edn eg\u00e9sz K\u00f6z\u00e9p-Eur\u00f3p\u00e1ban. Az \u00fatveszt\u0151k, logikai feladv\u00e1nyok, n\u00e9pi- \u00e9s gyermekj\u00e1t\u00e9kok vil\u00e1g\u00e1t k\u00edn\u00e1lja a legkisebb gyermekekt\u0151l kezdve az akt\u00edv id\u0151sekig. Az aj\u00e1nd\u00e9kkuponokat az online megv\u00e1ltott jegyek alapj\u00e1n elektronikus \u00faton k\u00fcldj\u00fck a megrendel\u0151 email c\u00edm\u00e9re. Fizet\u00e9skor k\u00e9r\u00fcnk, t\u00fcntesd fel a megjegyz\u00e9sben, hogy AJ\u00c1ND\u00c9K, \u00edgy mi tudni [&hellip;]","og_url":"https:\/\/csillagosveny.com\/en\/online-gift-vouchers\/","og_site_name":"\u00d3pusztaszeri Csillag\u00f6sv\u00e9ny Labirintus \u00d6ko \u00c9lm\u00e9nypark","article_publisher":"https:\/\/www.facebook.com\/csillagosveny\/","article_modified_time":"2025-03-11T21:21:40+00:00","twitter_card":"summary_large_image","schema":{"@context":"https:\/\/schema.org","@graph":[{"@type":"WebPage","@id":"https:\/\/csillagosveny.com\/online-ajandekutalvany\/","url":"https:\/\/csillagosveny.com\/online-ajandekutalvany\/","name":"Online aj\u00e1nd\u00e9kutalv\u00e1ny | \u00d3pusztaszeri Csillag\u00f6sv\u00e9ny Labirintus \u00d6ko \u00c9lm\u00e9nypark","isPartOf":{"@id":"https:\/\/csillagosveny.com\/#website"},"datePublished":"2023-01-18T09:05:12+00:00","dateModified":"2025-03-11T21:21:40+00:00","breadcrumb":{"@id":"https:\/\/csillagosveny.com\/online-ajandekutalvany\/#breadcrumb"},"inLanguage":"en-GB","potentialAction":[{"@type":"ReadAction","target":["https:\/\/csillagosveny.com\/online-ajandekutalvany\/"]}]},{"@type":"BreadcrumbList","@id":"https:\/\/csillagosveny.com\/online-ajandekutalvany\/#breadcrumb","itemListElement":[{"@type":"ListItem","position":1,"name":"Kezd\u0151lap","item":"https:\/\/csillagosveny.com\/"},{"@type":"ListItem","position":2,"name":"Online aj\u00e1nd\u00e9kutalv\u00e1ny"}]},{"@type":"WebSite","@id":"https:\/\/csillagosveny.com\/#website","url":"https:\/\/csillagosveny.com\/","name":"\u00d3pusztaszeri Csillag\u00f6sv\u00e9ny Labirintus \u00d6ko \u00c9lm\u00e9nypark","description":"A Csillag\u00f6sv\u00e9ny \u00c9lm\u00e9nypark kiv\u00e1l\u00f3 v\u00e1laszt\u00e1s mindenkinek, aki \u00faj kalandokra v\u00e1gyik.","publisher":{"@id":"https:\/\/csillagosveny.com\/#organization"},"potentialAction":[{"@type":"SearchAction","target":{"@type":"EntryPoint","urlTemplate":"https:\/\/csillagosveny.com\/?s={search_term_string}"},"query-input":{"@type":"PropertyValueSpecification","valueRequired":true,"valueName":"search_term_string"}}],"inLanguage":"en-GB"},{"@type":"Organization","@id":"https:\/\/csillagosveny.com\/#organization","name":"\u00d3pusztaszeri Csillag\u00f6sv\u00e9ny Labirintus \u00d6ko \u00c9lm\u00e9nypark","url":"https:\/\/csillagosveny.com\/","logo":{"@type":"ImageObject","inLanguage":"en-GB","@id":"https:\/\/csillagosveny.com\/#\/schema\/logo\/image\/","url":"https:\/\/csillagosveny.com\/wp-content\/uploads\/csillagosveny-logo.png","contentUrl":"https:\/\/csillagosveny.com\/wp-content\/uploads\/csillagosveny-logo.png","width":300,"height":44,"caption":"\u00d3pusztaszeri Csillag\u00f6sv\u00e9ny Labirintus \u00d6ko \u00c9lm\u00e9nypark"},"image":{"@id":"https:\/\/csillagosveny.com\/#\/schema\/logo\/image\/"},"sameAs":["https:\/\/www.facebook.com\/csillagosveny\/","https:\/\/www.instagram.com\/csillagosveny.labirintus\/","https:\/\/www.youtube.com\/watch?v=yUp9Q0ntI8w"]}]}},"_links":{"self":[{"href":"https:\/\/csillagosveny.com\/en\/wp-json\/wp\/v2\/pages\/2921","targetHints":{"allow":["GET"]}}],"collection":[{"href":"https:\/\/csillagosveny.com\/en\/wp-json\/wp\/v2\/pages"}],"about":[{"href":"https:\/\/csillagosveny.com\/en\/wp-json\/wp\/v2\/types\/page"}],"author":[{"embeddable":true,"href":"https:\/\/csillagosveny.com\/en\/wp-json\/wp\/v2\/users\/1"}],"replies":[{"embeddable":true,"href":"https:\/\/csillagosveny.com\/en\/wp-json\/wp\/v2\/comments?post=2921"}],"version-history":[{"count":0,"href":"https:\/\/csillagosveny.com\/en\/wp-json\/wp\/v2\/pages\/2921\/revisions"}],"wp:attachment":[{"href":"https:\/\/csillagosveny.com\/en\/wp-json\/wp\/v2\/media?parent=2921"}],"curies":[{"name":"wp","href":"https:\/\/api.w.org\/{rel}","templated":true}]}}