{"id":2972,"date":"2023-02-13T08:43:40","date_gmt":"2023-02-13T07:43:40","guid":{"rendered":"https:\/\/csillagosveny.com\/?page_id=2972"},"modified":"2026-01-06T07:49:40","modified_gmt":"2026-01-06T06:49:40","slug":"ginop_plusz-1-2-2-22-2022-01576","status":"publish","type":"page","link":"https:\/\/csillagosveny.com\/en\/ginop_plusz-1-2-2-22-2022-01576\/","title":{"rendered":"GINOP_PLUSZ-1.2.2-22-2022-01576"},"content":{"rendered":"<p>[et_pb_section fb_built=&#8221;1&#8243; _builder_version=&#8221;4.17.4&#8243; _module_preset=&#8221;default&#8221; global_colors_info=&#8221;{}&#8221;][et_pb_row _builder_version=&#8221;4.17.4&#8243; _module_preset=&#8221;default&#8221; global_colors_info=&#8221;{}&#8221;][et_pb_column type=&#8221;4_4&#8243; _builder_version=&#8221;4.17.4&#8243; _module_preset=&#8221;default&#8221; global_colors_info=&#8221;{}&#8221;][et_pb_image src=&#8221;https:\/\/csillagosveny.com\/wp-content\/uploads\/rrf-kedvezmenyezetti-infoblokk-keretes.jpg&#8221; title_text=&#8221;rrf-kedvezmenyezetti-infoblokk-keretes&#8221; _builder_version=&#8221;4.27.4&#8243; _module_preset=&#8221;default&#8221; hover_enabled=&#8221;0&#8243; box_shadow_style=&#8221;preset1&#8243; global_colors_info=&#8221;{}&#8221; sticky_enabled=&#8221;0&#8243;][\/et_pb_image][et_pb_text _builder_version=&#8221;4.27.4&#8243; _module_preset=&#8221;default&#8221; hover_enabled=&#8221;0&#8243; global_colors_info=&#8221;{}&#8221; sticky_enabled=&#8221;0&#8243;]<\/p>\n<p><span>\u2022 a v\u00e9gs\u0151 kedvezm\u00e9nyezett neve; Gergely G\u00e1bor J\u00e1nos e.v.<\/span><br \/><span>\u2022 projekt azonos\u00edt\u00f3 sz\u00e1ma;\u00a0 \u00a0RRF-REP-10.10.1-24-2025-06577<\/span><br \/><span>\u2022 a fejleszt\u00e9s t\u00e1rgya; Citroen e-C3 Tgk.<\/span><br \/><span>\u2022 a szerz\u0151d\u00f6tt t\u00e1mogat\u00e1s \u00f6sszege; 3.600.000 Ft<\/span><br \/><span>\u2022 a projekt tartalm\u00e1nak r\u00e9szletes bemutat\u00e1sa; a t\u00e1voli telephely napi szint\u0171 el\u00e9r\u00e9se a lak\u00f3helyr\u0151l, \u00e1rubeszerz\u00e9s\u00a0 k\u00f6rnyezetbar\u00e1t elektromos teherg\u00e9pkocsi haszn\u00e1lat\u00e1val<\/span><br \/><span>\u2022 a projekt tervezett befejez\u00e9si d\u00e1tuma (ha megval\u00f3sult, akkor a t\u00e9nyleges befejez\u00e9s); 2026.03.16.<\/span><br \/><span>\u2022 az Eur\u00f3pai Uni\u00f3 \u00e1ltal ny\u00fajtott t\u00e1mogat\u00e1s elismer\u00e9se, p\u00e9ld\u00e1ul az al\u00e1bbi mondattal: \u201eA \u00a0<\/span><span>projekt az Eur\u00f3pai Uni\u00f3 t\u00e1mogat\u00e1s\u00e1val val\u00f3sult meg.\u201d<\/span><\/p>\n<p>[\/et_pb_text][\/et_pb_column][\/et_pb_row][et_pb_row _builder_version=&#8221;4.17.4&#8243; _module_preset=&#8221;default&#8221; global_colors_info=&#8221;{}&#8221;][et_pb_column type=&#8221;4_4&#8243; _builder_version=&#8221;4.17.4&#8243; _module_preset=&#8221;default&#8221; global_colors_info=&#8221;{}&#8221;][et_pb_image src=&#8221;https:\/\/csillagosveny.com\/wp-content\/uploads\/kedvezmenyezetti_infoblokk_fekvo_magyar_rgb.jpg&#8221; title_text=&#8221;kedvezmenyezetti_infoblokk_fekvo_magyar_rgb&#8221; _builder_version=&#8221;4.17.4&#8243; _module_preset=&#8221;default&#8221; box_shadow_style=&#8221;preset1&#8243; global_colors_info=&#8221;{}&#8221;][\/et_pb_image][et_pb_text _builder_version=&#8221;4.20.2&#8243; _module_preset=&#8221;default&#8221; global_colors_info=&#8221;{}&#8221;]<\/p>\n<p><strong>Kedvezm\u00e9nyezett neve:<\/strong><br \/>Gergely G\u00e1bor J\u00e1nos egy\u00e9ni v\u00e1llalkoz\u00f3<\/p>\n<p><strong>Projekt c\u00edme:<\/strong><br \/>Gergely G\u00e1bor egy\u00e9ni v\u00e1llalkoz\u00e1s\u00e1nak t\u00e1mogat\u00e1sa<\/p>\n<p><strong>Szerz\u0151d\u00f6tt t\u00e1mogat\u00e1s \u00f6sszege:<\/strong><br \/>3.610.193 Ft<\/p>\n<p><strong>A t\u00e1mogat\u00e1s m\u00e9rt\u00e9ke:<\/strong><br \/>69,56 %<\/p>\n<p><strong>A projekt azonos\u00edt\u00f3 sz\u00e1ma:<\/strong><br \/>GINOP_PLUSZ-1.2.2-22-2022-01576<\/p>\n<p><strong>Fejleszt\u00e9se t\u00e1rgya:<\/strong><br \/>A p\u00e1ly\u00e1zat keret\u00e9ben t\u00f6bb tev\u00e9kenys\u00e9get szeretn\u00e9nk fejleszteni: 9329 &#8211; M.n.s egy\u00e9b sz\u00f3rakoztat\u00e1s, szabadid\u0151s tev\u00e9kenys\u00e9g, 8230 &#8211; Konferencia, kereskedelmi bemutat\u00f3 szervez\u00e9se \u00e9s 5610 &#8211; \u00c9ttermi, mozg\u00f3 vend\u00e9gl\u00e1t\u00e1s. Ezekhez a tev\u00e9kenys\u00e9gekhez szeretn\u00e9nk \u00fajabb g\u00e9peket \u00e9s eszk\u00f6z\u00f6ket beszerezni.<\/p>\n<p><strong>Az t\u00e1mogat\u00e1s keret\u00e9ben az al\u00e1bbi eszk\u00f6z\u00f6k ker\u00fclnek beszerz\u00e9sre:<\/strong><\/p>\n<ul>\n<li>H\u0171t\u0151kamra \u2013 1 db<\/li>\n<li>Funscreen Premium Plus SB Motor vet\u00edt\u0151v\u00e1szon, 143x231cm \u2013 1 db<\/li>\n<li>ATARI PONG \u2013 2 db<\/li>\n<li>ASUS CONS NB ZenBook Flip UX363EA-HP459W notebook \u2013 2 db<\/li>\n<li>Hisense 100L5F-B12 UHD Samart L\u00e9zer\u00a0projektor \u2013 1 db<\/li>\n<\/ul>\n<p><strong>A Projekt fizikai befejez\u00e9s\u00e9nek napja:<\/strong> 2022.12.15.<\/p>\n<p>[\/et_pb_text][\/et_pb_column][\/et_pb_row][\/et_pb_section]<\/p>","protected":false},"excerpt":{"rendered":"<p>\u2022 a v\u00e9gs\u0151 kedvezm\u00e9nyezett neve; Gergely G\u00e1bor J\u00e1nos e.v.\u2022 projekt azonos\u00edt\u00f3 sz\u00e1ma;\u00a0 \u00a0RRF-REP-10.10.1-24-2025-06577\u2022 a fejleszt\u00e9s t\u00e1rgya; Citroen e-C3 Tgk.\u2022 a szerz\u0151d\u00f6tt t\u00e1mogat\u00e1s \u00f6sszege; 3.600.000 Ft\u2022 a projekt tartalm\u00e1nak r\u00e9szletes bemutat\u00e1sa; a t\u00e1voli telephely napi szint\u0171 el\u00e9r\u00e9se a lak\u00f3helyr\u0151l, \u00e1rubeszerz\u00e9s\u00a0 k\u00f6rnyezetbar\u00e1t elektromos teherg\u00e9pkocsi haszn\u00e1lat\u00e1val\u2022 a projekt tervezett befejez\u00e9si d\u00e1tuma (ha megval\u00f3sult, akkor a t\u00e9nyleges befejez\u00e9s); 2026.03.16.\u2022 [&hellip;]<\/p>","protected":false},"author":1,"featured_media":0,"parent":0,"menu_order":0,"comment_status":"closed","ping_status":"closed","template":"","meta":{"_et_pb_use_builder":"on","_et_pb_old_content":"","_et_gb_content_width":"","footnotes":""},"class_list":["post-2972","page","type-page","status-publish","hentry"],"yoast_head":"<!-- This site is optimized with the Yoast SEO plugin v24.9 - https:\/\/yoast.com\/wordpress\/plugins\/seo\/ -->\n<title>GINOP_PLUSZ-1.2.2-22-2022-01576 | \u00d3pusztaszeri Csillag\u00f6sv\u00e9ny Labirintus \u00d6ko \u00c9lm\u00e9nypark<\/title>\n<meta name=\"robots\" content=\"index, follow, max-snippet:-1, max-image-preview:large, max-video-preview:-1\" \/>\n<link rel=\"canonical\" href=\"https:\/\/csillagosveny.com\/en\/ginop_plusz-1-2-2-22-2022-01576\/\" \/>\n<meta property=\"og:locale\" content=\"en_GB\" \/>\n<meta property=\"og:type\" content=\"article\" \/>\n<meta property=\"og:title\" content=\"GINOP_PLUSZ-1.2.2-22-2022-01576 | \u00d3pusztaszeri Csillag\u00f6sv\u00e9ny Labirintus \u00d6ko \u00c9lm\u00e9nypark\" \/>\n<meta property=\"og:description\" content=\"\u2022 a v\u00e9gs\u0151 kedvezm\u00e9nyezett neve; Gergely G\u00e1bor J\u00e1nos e.v.\u2022 projekt azonos\u00edt\u00f3 sz\u00e1ma;\u00a0 \u00a0RRF-REP-10.10.1-24-2025-06577\u2022 a fejleszt\u00e9s t\u00e1rgya; Citroen e-C3 Tgk.\u2022 a szerz\u0151d\u00f6tt t\u00e1mogat\u00e1s \u00f6sszege; 3.600.000 Ft\u2022 a projekt tartalm\u00e1nak r\u00e9szletes bemutat\u00e1sa; a t\u00e1voli telephely napi szint\u0171 el\u00e9r\u00e9se a lak\u00f3helyr\u0151l, \u00e1rubeszerz\u00e9s\u00a0 k\u00f6rnyezetbar\u00e1t elektromos teherg\u00e9pkocsi haszn\u00e1lat\u00e1val\u2022 a projekt tervezett befejez\u00e9si d\u00e1tuma (ha megval\u00f3sult, akkor a t\u00e9nyleges befejez\u00e9s); 2026.03.16.\u2022 [&hellip;]\" \/>\n<meta property=\"og:url\" content=\"https:\/\/csillagosveny.com\/en\/ginop_plusz-1-2-2-22-2022-01576\/\" \/>\n<meta property=\"og:site_name\" content=\"\u00d3pusztaszeri Csillag\u00f6sv\u00e9ny Labirintus \u00d6ko \u00c9lm\u00e9nypark\" \/>\n<meta property=\"article:publisher\" content=\"https:\/\/www.facebook.com\/csillagosveny\/\" \/>\n<meta property=\"article:modified_time\" content=\"2026-01-06T06:49:40+00:00\" \/>\n<meta name=\"twitter:card\" content=\"summary_large_image\" \/>\n<script type=\"application\/ld+json\" class=\"yoast-schema-graph\">{\"@context\":\"https:\/\/schema.org\",\"@graph\":[{\"@type\":\"WebPage\",\"@id\":\"https:\/\/csillagosveny.com\/ginop_plusz-1-2-2-22-2022-01576\/\",\"url\":\"https:\/\/csillagosveny.com\/ginop_plusz-1-2-2-22-2022-01576\/\",\"name\":\"GINOP_PLUSZ-1.2.2-22-2022-01576 | \u00d3pusztaszeri Csillag\u00f6sv\u00e9ny Labirintus \u00d6ko \u00c9lm\u00e9nypark\",\"isPartOf\":{\"@id\":\"https:\/\/csillagosveny.com\/#website\"},\"datePublished\":\"2023-02-13T07:43:40+00:00\",\"dateModified\":\"2026-01-06T06:49:40+00:00\",\"breadcrumb\":{\"@id\":\"https:\/\/csillagosveny.com\/ginop_plusz-1-2-2-22-2022-01576\/#breadcrumb\"},\"inLanguage\":\"en-GB\",\"potentialAction\":[{\"@type\":\"ReadAction\",\"target\":[\"https:\/\/csillagosveny.com\/ginop_plusz-1-2-2-22-2022-01576\/\"]}]},{\"@type\":\"BreadcrumbList\",\"@id\":\"https:\/\/csillagosveny.com\/ginop_plusz-1-2-2-22-2022-01576\/#breadcrumb\",\"itemListElement\":[{\"@type\":\"ListItem\",\"position\":1,\"name\":\"Kezd\u0151lap\",\"item\":\"https:\/\/csillagosveny.com\/\"},{\"@type\":\"ListItem\",\"position\":2,\"name\":\"GINOP_PLUSZ-1.2.2-22-2022-01576\"}]},{\"@type\":\"WebSite\",\"@id\":\"https:\/\/csillagosveny.com\/#website\",\"url\":\"https:\/\/csillagosveny.com\/\",\"name\":\"\u00d3pusztaszeri Csillag\u00f6sv\u00e9ny Labirintus \u00d6ko \u00c9lm\u00e9nypark\",\"description\":\"A Csillag\u00f6sv\u00e9ny \u00c9lm\u00e9nypark kiv\u00e1l\u00f3 v\u00e1laszt\u00e1s mindenkinek, aki \u00faj kalandokra v\u00e1gyik.\",\"publisher\":{\"@id\":\"https:\/\/csillagosveny.com\/#organization\"},\"potentialAction\":[{\"@type\":\"SearchAction\",\"target\":{\"@type\":\"EntryPoint\",\"urlTemplate\":\"https:\/\/csillagosveny.com\/?s={search_term_string}\"},\"query-input\":{\"@type\":\"PropertyValueSpecification\",\"valueRequired\":true,\"valueName\":\"search_term_string\"}}],\"inLanguage\":\"en-GB\"},{\"@type\":\"Organization\",\"@id\":\"https:\/\/csillagosveny.com\/#organization\",\"name\":\"\u00d3pusztaszeri Csillag\u00f6sv\u00e9ny Labirintus \u00d6ko \u00c9lm\u00e9nypark\",\"url\":\"https:\/\/csillagosveny.com\/\",\"logo\":{\"@type\":\"ImageObject\",\"inLanguage\":\"en-GB\",\"@id\":\"https:\/\/csillagosveny.com\/#\/schema\/logo\/image\/\",\"url\":\"https:\/\/csillagosveny.com\/wp-content\/uploads\/csillagosveny-logo.png\",\"contentUrl\":\"https:\/\/csillagosveny.com\/wp-content\/uploads\/csillagosveny-logo.png\",\"width\":300,\"height\":44,\"caption\":\"\u00d3pusztaszeri Csillag\u00f6sv\u00e9ny Labirintus \u00d6ko \u00c9lm\u00e9nypark\"},\"image\":{\"@id\":\"https:\/\/csillagosveny.com\/#\/schema\/logo\/image\/\"},\"sameAs\":[\"https:\/\/www.facebook.com\/csillagosveny\/\",\"https:\/\/www.instagram.com\/csillagosveny.labirintus\/\",\"https:\/\/www.youtube.com\/watch?v=yUp9Q0ntI8w\"]}]}<\/script>\n<!-- \/ Yoast SEO plugin. -->","yoast_head_json":{"title":"GINOP_PLUSZ-1.2.2-22-2022-01576 | \u00d3pusztaszeri Csillag\u00f6sv\u00e9ny Labirintus \u00d6ko \u00c9lm\u00e9nypark","robots":{"index":"index","follow":"follow","max-snippet":"max-snippet:-1","max-image-preview":"max-image-preview:large","max-video-preview":"max-video-preview:-1"},"canonical":"https:\/\/csillagosveny.com\/en\/ginop_plusz-1-2-2-22-2022-01576\/","og_locale":"en_GB","og_type":"article","og_title":"GINOP_PLUSZ-1.2.2-22-2022-01576 | \u00d3pusztaszeri Csillag\u00f6sv\u00e9ny Labirintus \u00d6ko \u00c9lm\u00e9nypark","og_description":"\u2022 a v\u00e9gs\u0151 kedvezm\u00e9nyezett neve; Gergely G\u00e1bor J\u00e1nos e.v.\u2022 projekt azonos\u00edt\u00f3 sz\u00e1ma;\u00a0 \u00a0RRF-REP-10.10.1-24-2025-06577\u2022 a fejleszt\u00e9s t\u00e1rgya; Citroen e-C3 Tgk.\u2022 a szerz\u0151d\u00f6tt t\u00e1mogat\u00e1s \u00f6sszege; 3.600.000 Ft\u2022 a projekt tartalm\u00e1nak r\u00e9szletes bemutat\u00e1sa; a t\u00e1voli telephely napi szint\u0171 el\u00e9r\u00e9se a lak\u00f3helyr\u0151l, \u00e1rubeszerz\u00e9s\u00a0 k\u00f6rnyezetbar\u00e1t elektromos teherg\u00e9pkocsi haszn\u00e1lat\u00e1val\u2022 a projekt tervezett befejez\u00e9si d\u00e1tuma (ha megval\u00f3sult, akkor a t\u00e9nyleges befejez\u00e9s); 2026.03.16.\u2022 [&hellip;]","og_url":"https:\/\/csillagosveny.com\/en\/ginop_plusz-1-2-2-22-2022-01576\/","og_site_name":"\u00d3pusztaszeri Csillag\u00f6sv\u00e9ny Labirintus \u00d6ko \u00c9lm\u00e9nypark","article_publisher":"https:\/\/www.facebook.com\/csillagosveny\/","article_modified_time":"2026-01-06T06:49:40+00:00","twitter_card":"summary_large_image","schema":{"@context":"https:\/\/schema.org","@graph":[{"@type":"WebPage","@id":"https:\/\/csillagosveny.com\/ginop_plusz-1-2-2-22-2022-01576\/","url":"https:\/\/csillagosveny.com\/ginop_plusz-1-2-2-22-2022-01576\/","name":"GINOP_PLUSZ-1.2.2-22-2022-01576 | \u00d3pusztaszeri Csillag\u00f6sv\u00e9ny Labirintus \u00d6ko \u00c9lm\u00e9nypark","isPartOf":{"@id":"https:\/\/csillagosveny.com\/#website"},"datePublished":"2023-02-13T07:43:40+00:00","dateModified":"2026-01-06T06:49:40+00:00","breadcrumb":{"@id":"https:\/\/csillagosveny.com\/ginop_plusz-1-2-2-22-2022-01576\/#breadcrumb"},"inLanguage":"en-GB","potentialAction":[{"@type":"ReadAction","target":["https:\/\/csillagosveny.com\/ginop_plusz-1-2-2-22-2022-01576\/"]}]},{"@type":"BreadcrumbList","@id":"https:\/\/csillagosveny.com\/ginop_plusz-1-2-2-22-2022-01576\/#breadcrumb","itemListElement":[{"@type":"ListItem","position":1,"name":"Kezd\u0151lap","item":"https:\/\/csillagosveny.com\/"},{"@type":"ListItem","position":2,"name":"GINOP_PLUSZ-1.2.2-22-2022-01576"}]},{"@type":"WebSite","@id":"https:\/\/csillagosveny.com\/#website","url":"https:\/\/csillagosveny.com\/","name":"\u00d3pusztaszeri Csillag\u00f6sv\u00e9ny Labirintus \u00d6ko \u00c9lm\u00e9nypark","description":"A Csillag\u00f6sv\u00e9ny \u00c9lm\u00e9nypark kiv\u00e1l\u00f3 v\u00e1laszt\u00e1s mindenkinek, aki \u00faj kalandokra v\u00e1gyik.","publisher":{"@id":"https:\/\/csillagosveny.com\/#organization"},"potentialAction":[{"@type":"SearchAction","target":{"@type":"EntryPoint","urlTemplate":"https:\/\/csillagosveny.com\/?s={search_term_string}"},"query-input":{"@type":"PropertyValueSpecification","valueRequired":true,"valueName":"search_term_string"}}],"inLanguage":"en-GB"},{"@type":"Organization","@id":"https:\/\/csillagosveny.com\/#organization","name":"\u00d3pusztaszeri Csillag\u00f6sv\u00e9ny Labirintus \u00d6ko \u00c9lm\u00e9nypark","url":"https:\/\/csillagosveny.com\/","logo":{"@type":"ImageObject","inLanguage":"en-GB","@id":"https:\/\/csillagosveny.com\/#\/schema\/logo\/image\/","url":"https:\/\/csillagosveny.com\/wp-content\/uploads\/csillagosveny-logo.png","contentUrl":"https:\/\/csillagosveny.com\/wp-content\/uploads\/csillagosveny-logo.png","width":300,"height":44,"caption":"\u00d3pusztaszeri Csillag\u00f6sv\u00e9ny Labirintus \u00d6ko \u00c9lm\u00e9nypark"},"image":{"@id":"https:\/\/csillagosveny.com\/#\/schema\/logo\/image\/"},"sameAs":["https:\/\/www.facebook.com\/csillagosveny\/","https:\/\/www.instagram.com\/csillagosveny.labirintus\/","https:\/\/www.youtube.com\/watch?v=yUp9Q0ntI8w"]}]}},"_links":{"self":[{"href":"https:\/\/csillagosveny.com\/en\/wp-json\/wp\/v2\/pages\/2972","targetHints":{"allow":["GET"]}}],"collection":[{"href":"https:\/\/csillagosveny.com\/en\/wp-json\/wp\/v2\/pages"}],"about":[{"href":"https:\/\/csillagosveny.com\/en\/wp-json\/wp\/v2\/types\/page"}],"author":[{"embeddable":true,"href":"https:\/\/csillagosveny.com\/en\/wp-json\/wp\/v2\/users\/1"}],"replies":[{"embeddable":true,"href":"https:\/\/csillagosveny.com\/en\/wp-json\/wp\/v2\/comments?post=2972"}],"version-history":[{"count":0,"href":"https:\/\/csillagosveny.com\/en\/wp-json\/wp\/v2\/pages\/2972\/revisions"}],"wp:attachment":[{"href":"https:\/\/csillagosveny.com\/en\/wp-json\/wp\/v2\/media?parent=2972"}],"curies":[{"name":"wp","href":"https:\/\/api.w.org\/{rel}","templated":true}]}}