{"id":37,"date":"2022-05-05T10:11:40","date_gmt":"2022-05-05T08:11:40","guid":{"rendered":"https:\/\/csillagosveny.com\/?page_id=37"},"modified":"2022-05-05T10:11:40","modified_gmt":"2022-05-05T08:11:40","slug":"szolgaltatasok","status":"publish","type":"page","link":"https:\/\/csillagosveny.com\/en\/services\/","title":{"rendered":"Services"},"content":{"rendered":"","protected":false},"excerpt":{"rendered":"","protected":false},"author":1,"featured_media":0,"parent":0,"menu_order":0,"comment_status":"closed","ping_status":"closed","template":"","meta":{"_et_pb_use_builder":"","_et_pb_old_content":"","_et_gb_content_width":"","footnotes":""},"class_list":["post-37","page","type-page","status-publish","hentry"],"yoast_head":"<!-- This site is optimized with the Yoast SEO plugin v24.9 - https:\/\/yoast.com\/wordpress\/plugins\/seo\/ -->\n<title>Szolg\u00e1ltat\u00e1sok | \u00d3pusztaszeri Csillag\u00f6sv\u00e9ny Labirintus \u00d6ko \u00c9lm\u00e9nypark<\/title>\n<meta name=\"robots\" content=\"index, follow, max-snippet:-1, max-image-preview:large, max-video-preview:-1\" \/>\n<link rel=\"canonical\" href=\"https:\/\/csillagosveny.com\/en\/services\/\" \/>\n<meta property=\"og:locale\" content=\"en_GB\" \/>\n<meta property=\"og:type\" content=\"article\" \/>\n<meta property=\"og:title\" content=\"Szolg\u00e1ltat\u00e1sok | \u00d3pusztaszeri Csillag\u00f6sv\u00e9ny Labirintus \u00d6ko \u00c9lm\u00e9nypark\" \/>\n<meta property=\"og:url\" content=\"https:\/\/csillagosveny.com\/en\/services\/\" \/>\n<meta property=\"og:site_name\" content=\"\u00d3pusztaszeri Csillag\u00f6sv\u00e9ny Labirintus \u00d6ko \u00c9lm\u00e9nypark\" \/>\n<meta property=\"article:publisher\" content=\"https:\/\/www.facebook.com\/csillagosveny\/\" \/>\n<meta name=\"twitter:card\" content=\"summary_large_image\" \/>\n<script type=\"application\/ld+json\" class=\"yoast-schema-graph\">{\"@context\":\"https:\/\/schema.org\",\"@graph\":[{\"@type\":\"WebPage\",\"@id\":\"https:\/\/csillagosveny.com\/szolgaltatasok\/\",\"url\":\"https:\/\/csillagosveny.com\/szolgaltatasok\/\",\"name\":\"Szolg\u00e1ltat\u00e1sok | \u00d3pusztaszeri Csillag\u00f6sv\u00e9ny Labirintus \u00d6ko \u00c9lm\u00e9nypark\",\"isPartOf\":{\"@id\":\"https:\/\/csillagosveny.com\/#website\"},\"datePublished\":\"2022-05-05T08:11:40+00:00\",\"breadcrumb\":{\"@id\":\"https:\/\/csillagosveny.com\/szolgaltatasok\/#breadcrumb\"},\"inLanguage\":\"en-GB\",\"potentialAction\":[{\"@type\":\"ReadAction\",\"target\":[\"https:\/\/csillagosveny.com\/szolgaltatasok\/\"]}]},{\"@type\":\"BreadcrumbList\",\"@id\":\"https:\/\/csillagosveny.com\/szolgaltatasok\/#breadcrumb\",\"itemListElement\":[{\"@type\":\"ListItem\",\"position\":1,\"name\":\"Kezd\u0151lap\",\"item\":\"https:\/\/csillagosveny.com\/\"},{\"@type\":\"ListItem\",\"position\":2,\"name\":\"Szolg\u00e1ltat\u00e1sok\"}]},{\"@type\":\"WebSite\",\"@id\":\"https:\/\/csillagosveny.com\/#website\",\"url\":\"https:\/\/csillagosveny.com\/\",\"name\":\"\u00d3pusztaszeri Csillag\u00f6sv\u00e9ny Labirintus \u00d6ko \u00c9lm\u00e9nypark\",\"description\":\"A Csillag\u00f6sv\u00e9ny \u00c9lm\u00e9nypark kiv\u00e1l\u00f3 v\u00e1laszt\u00e1s mindenkinek, aki \u00faj kalandokra v\u00e1gyik.\",\"publisher\":{\"@id\":\"https:\/\/csillagosveny.com\/#organization\"},\"potentialAction\":[{\"@type\":\"SearchAction\",\"target\":{\"@type\":\"EntryPoint\",\"urlTemplate\":\"https:\/\/csillagosveny.com\/?s={search_term_string}\"},\"query-input\":{\"@type\":\"PropertyValueSpecification\",\"valueRequired\":true,\"valueName\":\"search_term_string\"}}],\"inLanguage\":\"en-GB\"},{\"@type\":\"Organization\",\"@id\":\"https:\/\/csillagosveny.com\/#organization\",\"name\":\"\u00d3pusztaszeri Csillag\u00f6sv\u00e9ny Labirintus \u00d6ko \u00c9lm\u00e9nypark\",\"url\":\"https:\/\/csillagosveny.com\/\",\"logo\":{\"@type\":\"ImageObject\",\"inLanguage\":\"en-GB\",\"@id\":\"https:\/\/csillagosveny.com\/#\/schema\/logo\/image\/\",\"url\":\"https:\/\/csillagosveny.com\/wp-content\/uploads\/csillagosveny-logo.png\",\"contentUrl\":\"https:\/\/csillagosveny.com\/wp-content\/uploads\/csillagosveny-logo.png\",\"width\":300,\"height\":44,\"caption\":\"\u00d3pusztaszeri Csillag\u00f6sv\u00e9ny Labirintus \u00d6ko \u00c9lm\u00e9nypark\"},\"image\":{\"@id\":\"https:\/\/csillagosveny.com\/#\/schema\/logo\/image\/\"},\"sameAs\":[\"https:\/\/www.facebook.com\/csillagosveny\/\",\"https:\/\/www.instagram.com\/csillagosveny.labirintus\/\",\"https:\/\/www.youtube.com\/watch?v=yUp9Q0ntI8w\"]}]}<\/script>\n<!-- \/ Yoast SEO plugin. -->","yoast_head_json":{"title":"Szolg\u00e1ltat\u00e1sok | \u00d3pusztaszeri Csillag\u00f6sv\u00e9ny Labirintus \u00d6ko \u00c9lm\u00e9nypark","robots":{"index":"index","follow":"follow","max-snippet":"max-snippet:-1","max-image-preview":"max-image-preview:large","max-video-preview":"max-video-preview:-1"},"canonical":"https:\/\/csillagosveny.com\/en\/services\/","og_locale":"en_GB","og_type":"article","og_title":"Szolg\u00e1ltat\u00e1sok | \u00d3pusztaszeri Csillag\u00f6sv\u00e9ny Labirintus \u00d6ko \u00c9lm\u00e9nypark","og_url":"https:\/\/csillagosveny.com\/en\/services\/","og_site_name":"\u00d3pusztaszeri Csillag\u00f6sv\u00e9ny Labirintus \u00d6ko \u00c9lm\u00e9nypark","article_publisher":"https:\/\/www.facebook.com\/csillagosveny\/","twitter_card":"summary_large_image","schema":{"@context":"https:\/\/schema.org","@graph":[{"@type":"WebPage","@id":"https:\/\/csillagosveny.com\/szolgaltatasok\/","url":"https:\/\/csillagosveny.com\/szolgaltatasok\/","name":"Szolg\u00e1ltat\u00e1sok | \u00d3pusztaszeri Csillag\u00f6sv\u00e9ny Labirintus \u00d6ko \u00c9lm\u00e9nypark","isPartOf":{"@id":"https:\/\/csillagosveny.com\/#website"},"datePublished":"2022-05-05T08:11:40+00:00","breadcrumb":{"@id":"https:\/\/csillagosveny.com\/szolgaltatasok\/#breadcrumb"},"inLanguage":"en-GB","potentialAction":[{"@type":"ReadAction","target":["https:\/\/csillagosveny.com\/szolgaltatasok\/"]}]},{"@type":"BreadcrumbList","@id":"https:\/\/csillagosveny.com\/szolgaltatasok\/#breadcrumb","itemListElement":[{"@type":"ListItem","position":1,"name":"Kezd\u0151lap","item":"https:\/\/csillagosveny.com\/"},{"@type":"ListItem","position":2,"name":"Szolg\u00e1ltat\u00e1sok"}]},{"@type":"WebSite","@id":"https:\/\/csillagosveny.com\/#website","url":"https:\/\/csillagosveny.com\/","name":"\u00d3pusztaszeri Csillag\u00f6sv\u00e9ny Labirintus \u00d6ko \u00c9lm\u00e9nypark","description":"A Csillag\u00f6sv\u00e9ny \u00c9lm\u00e9nypark kiv\u00e1l\u00f3 v\u00e1laszt\u00e1s mindenkinek, aki \u00faj kalandokra v\u00e1gyik.","publisher":{"@id":"https:\/\/csillagosveny.com\/#organization"},"potentialAction":[{"@type":"SearchAction","target":{"@type":"EntryPoint","urlTemplate":"https:\/\/csillagosveny.com\/?s={search_term_string}"},"query-input":{"@type":"PropertyValueSpecification","valueRequired":true,"valueName":"search_term_string"}}],"inLanguage":"en-GB"},{"@type":"Organization","@id":"https:\/\/csillagosveny.com\/#organization","name":"\u00d3pusztaszeri Csillag\u00f6sv\u00e9ny Labirintus \u00d6ko \u00c9lm\u00e9nypark","url":"https:\/\/csillagosveny.com\/","logo":{"@type":"ImageObject","inLanguage":"en-GB","@id":"https:\/\/csillagosveny.com\/#\/schema\/logo\/image\/","url":"https:\/\/csillagosveny.com\/wp-content\/uploads\/csillagosveny-logo.png","contentUrl":"https:\/\/csillagosveny.com\/wp-content\/uploads\/csillagosveny-logo.png","width":300,"height":44,"caption":"\u00d3pusztaszeri Csillag\u00f6sv\u00e9ny Labirintus \u00d6ko \u00c9lm\u00e9nypark"},"image":{"@id":"https:\/\/csillagosveny.com\/#\/schema\/logo\/image\/"},"sameAs":["https:\/\/www.facebook.com\/csillagosveny\/","https:\/\/www.instagram.com\/csillagosveny.labirintus\/","https:\/\/www.youtube.com\/watch?v=yUp9Q0ntI8w"]}]}},"_links":{"self":[{"href":"https:\/\/csillagosveny.com\/en\/wp-json\/wp\/v2\/pages\/37","targetHints":{"allow":["GET"]}}],"collection":[{"href":"https:\/\/csillagosveny.com\/en\/wp-json\/wp\/v2\/pages"}],"about":[{"href":"https:\/\/csillagosveny.com\/en\/wp-json\/wp\/v2\/types\/page"}],"author":[{"embeddable":true,"href":"https:\/\/csillagosveny.com\/en\/wp-json\/wp\/v2\/users\/1"}],"replies":[{"embeddable":true,"href":"https:\/\/csillagosveny.com\/en\/wp-json\/wp\/v2\/comments?post=37"}],"version-history":[{"count":0,"href":"https:\/\/csillagosveny.com\/en\/wp-json\/wp\/v2\/pages\/37\/revisions"}],"wp:attachment":[{"href":"https:\/\/csillagosveny.com\/en\/wp-json\/wp\/v2\/media?parent=37"}],"curies":[{"name":"wp","href":"https:\/\/api.w.org\/{rel}","templated":true}]}}