{"id":1889,"date":"2022-05-19T12:10:03","date_gmt":"2022-05-19T10:10:03","guid":{"rendered":"https:\/\/csillagosveny.com\/?post_type=product&#038;p=1889"},"modified":"2026-02-23T15:25:51","modified_gmt":"2026-02-23T14:25:51","slug":"csaladi-kiegeszito-jegy-csaladi-jegy-melle-ervenyes-es-csak-gyermekek-szamara","status":"publish","type":"product","link":"https:\/\/csillagosveny.com\/en\/product\/csaladi-kiegeszito-jegy-csaladi-jegy-melle-ervenyes-es-csak-gyermekek-szamara\/","title":{"rendered":"Additional family ticket (valid with family ticket and for children only)"},"content":{"rendered":"","protected":false},"excerpt":{"rendered":"","protected":false},"featured_media":1908,"template":"","meta":{"_et_pb_use_builder":"","_et_pb_old_content":"","_et_gb_content_width":""},"product_brand":[],"product_cat":[23],"product_tag":[],"class_list":{"0":"post-1889","1":"product","2":"type-product","3":"status-publish","4":"has-post-thumbnail","6":"product_cat-egyeb","8":"first","9":"instock","10":"sale","11":"virtual","12":"taxable","13":"purchasable","14":"product-type-simple"},"yoast_head":"<!-- This site is optimized with the Yoast SEO plugin v24.9 - https:\/\/yoast.com\/wordpress\/plugins\/seo\/ -->\n<title>Csal\u00e1di kieg\u00e9sz\u00edt\u0151 jegy (csal\u00e1di jegy mell\u00e9 \u00e9rv\u00e9nyes \u00e9s csak gyermekek sz\u00e1m\u00e1ra) | \u00d3pusztaszeri Csillag\u00f6sv\u00e9ny Labirintus \u00d6ko \u00c9lm\u00e9nypark<\/title>\n<meta name=\"robots\" content=\"index, follow, max-snippet:-1, max-image-preview:large, max-video-preview:-1\" \/>\n<link rel=\"canonical\" href=\"https:\/\/csillagosveny.com\/en\/product\/csaladi-kiegeszito-jegy-csaladi-jegy-melle-ervenyes-es-csak-gyermekek-szamara\/\" \/>\n<meta property=\"og:locale\" content=\"en_GB\" \/>\n<meta property=\"og:type\" content=\"article\" \/>\n<meta property=\"og:title\" content=\"Csal\u00e1di kieg\u00e9sz\u00edt\u0151 jegy (csal\u00e1di jegy mell\u00e9 \u00e9rv\u00e9nyes \u00e9s csak gyermekek sz\u00e1m\u00e1ra) | \u00d3pusztaszeri Csillag\u00f6sv\u00e9ny Labirintus \u00d6ko \u00c9lm\u00e9nypark\" \/>\n<meta property=\"og:url\" content=\"https:\/\/csillagosveny.com\/en\/product\/csaladi-kiegeszito-jegy-csaladi-jegy-melle-ervenyes-es-csak-gyermekek-szamara\/\" \/>\n<meta property=\"og:site_name\" content=\"\u00d3pusztaszeri Csillag\u00f6sv\u00e9ny Labirintus \u00d6ko \u00c9lm\u00e9nypark\" \/>\n<meta property=\"article:publisher\" content=\"https:\/\/www.facebook.com\/csillagosveny\/\" \/>\n<meta property=\"article:modified_time\" content=\"2026-02-23T14:25:51+00:00\" \/>\n<meta property=\"og:image\" content=\"https:\/\/csillagosveny.com\/wp-content\/uploads\/online-csaladi-kiegeszito-jegy.jpg\" \/>\n\t<meta property=\"og:image:width\" content=\"600\" \/>\n\t<meta property=\"og:image:height\" content=\"600\" \/>\n\t<meta property=\"og:image:type\" content=\"image\/jpeg\" \/>\n<meta name=\"twitter:card\" content=\"summary_large_image\" \/>\n<script type=\"application\/ld+json\" class=\"yoast-schema-graph\">{\"@context\":\"https:\/\/schema.org\",\"@graph\":[{\"@type\":\"WebPage\",\"@id\":\"https:\/\/csillagosveny.com\/termek\/csaladi-kiegeszito-jegy-csaladi-jegy-melle-ervenyes-es-csak-gyermekek-szamara\/\",\"url\":\"https:\/\/csillagosveny.com\/termek\/csaladi-kiegeszito-jegy-csaladi-jegy-melle-ervenyes-es-csak-gyermekek-szamara\/\",\"name\":\"Csal\u00e1di kieg\u00e9sz\u00edt\u0151 jegy (csal\u00e1di jegy mell\u00e9 \u00e9rv\u00e9nyes \u00e9s csak gyermekek sz\u00e1m\u00e1ra) | \u00d3pusztaszeri Csillag\u00f6sv\u00e9ny Labirintus \u00d6ko \u00c9lm\u00e9nypark\",\"isPartOf\":{\"@id\":\"https:\/\/csillagosveny.com\/#website\"},\"primaryImageOfPage\":{\"@id\":\"https:\/\/csillagosveny.com\/termek\/csaladi-kiegeszito-jegy-csaladi-jegy-melle-ervenyes-es-csak-gyermekek-szamara\/#primaryimage\"},\"image\":{\"@id\":\"https:\/\/csillagosveny.com\/termek\/csaladi-kiegeszito-jegy-csaladi-jegy-melle-ervenyes-es-csak-gyermekek-szamara\/#primaryimage\"},\"thumbnailUrl\":\"https:\/\/csillagosveny.com\/wp-content\/uploads\/online-csaladi-kiegeszito-jegy.jpg\",\"datePublished\":\"2022-05-19T10:10:03+00:00\",\"dateModified\":\"2026-02-23T14:25:51+00:00\",\"breadcrumb\":{\"@id\":\"https:\/\/csillagosveny.com\/termek\/csaladi-kiegeszito-jegy-csaladi-jegy-melle-ervenyes-es-csak-gyermekek-szamara\/#breadcrumb\"},\"inLanguage\":\"en-GB\",\"potentialAction\":[{\"@type\":\"ReadAction\",\"target\":[\"https:\/\/csillagosveny.com\/termek\/csaladi-kiegeszito-jegy-csaladi-jegy-melle-ervenyes-es-csak-gyermekek-szamara\/\"]}]},{\"@type\":\"ImageObject\",\"inLanguage\":\"en-GB\",\"@id\":\"https:\/\/csillagosveny.com\/termek\/csaladi-kiegeszito-jegy-csaladi-jegy-melle-ervenyes-es-csak-gyermekek-szamara\/#primaryimage\",\"url\":\"https:\/\/csillagosveny.com\/wp-content\/uploads\/online-csaladi-kiegeszito-jegy.jpg\",\"contentUrl\":\"https:\/\/csillagosveny.com\/wp-content\/uploads\/online-csaladi-kiegeszito-jegy.jpg\",\"width\":600,\"height\":600,\"caption\":\"Csillag\u00f6sv\u00e9ny csal\u00e1di kieg\u00e9sz\u00edt\u0151 jegy\"},{\"@type\":\"BreadcrumbList\",\"@id\":\"https:\/\/csillagosveny.com\/termek\/csaladi-kiegeszito-jegy-csaladi-jegy-melle-ervenyes-es-csak-gyermekek-szamara\/#breadcrumb\",\"itemListElement\":[{\"@type\":\"ListItem\",\"position\":1,\"name\":\"Kezd\u0151lap\",\"item\":\"https:\/\/csillagosveny.com\/\"},{\"@type\":\"ListItem\",\"position\":2,\"name\":\"Jegyv\u00e1s\u00e1rl\u00e1s\",\"item\":\"https:\/\/csillagosveny.com\/jegyvasarlas\/\"},{\"@type\":\"ListItem\",\"position\":3,\"name\":\"Csal\u00e1di kieg\u00e9sz\u00edt\u0151 jegy (csal\u00e1di jegy mell\u00e9 \u00e9rv\u00e9nyes \u00e9s csak gyermekek sz\u00e1m\u00e1ra)\"}]},{\"@type\":\"WebSite\",\"@id\":\"https:\/\/csillagosveny.com\/#website\",\"url\":\"https:\/\/csillagosveny.com\/\",\"name\":\"\u00d3pusztaszeri Csillag\u00f6sv\u00e9ny Labirintus \u00d6ko \u00c9lm\u00e9nypark\",\"description\":\"A Csillag\u00f6sv\u00e9ny \u00c9lm\u00e9nypark kiv\u00e1l\u00f3 v\u00e1laszt\u00e1s mindenkinek, aki \u00faj kalandokra v\u00e1gyik.\",\"publisher\":{\"@id\":\"https:\/\/csillagosveny.com\/#organization\"},\"potentialAction\":[{\"@type\":\"SearchAction\",\"target\":{\"@type\":\"EntryPoint\",\"urlTemplate\":\"https:\/\/csillagosveny.com\/?s={search_term_string}\"},\"query-input\":{\"@type\":\"PropertyValueSpecification\",\"valueRequired\":true,\"valueName\":\"search_term_string\"}}],\"inLanguage\":\"en-GB\"},{\"@type\":\"Organization\",\"@id\":\"https:\/\/csillagosveny.com\/#organization\",\"name\":\"\u00d3pusztaszeri Csillag\u00f6sv\u00e9ny Labirintus \u00d6ko \u00c9lm\u00e9nypark\",\"url\":\"https:\/\/csillagosveny.com\/\",\"logo\":{\"@type\":\"ImageObject\",\"inLanguage\":\"en-GB\",\"@id\":\"https:\/\/csillagosveny.com\/#\/schema\/logo\/image\/\",\"url\":\"https:\/\/csillagosveny.com\/wp-content\/uploads\/csillagosveny-logo.png\",\"contentUrl\":\"https:\/\/csillagosveny.com\/wp-content\/uploads\/csillagosveny-logo.png\",\"width\":300,\"height\":44,\"caption\":\"\u00d3pusztaszeri Csillag\u00f6sv\u00e9ny Labirintus \u00d6ko \u00c9lm\u00e9nypark\"},\"image\":{\"@id\":\"https:\/\/csillagosveny.com\/#\/schema\/logo\/image\/\"},\"sameAs\":[\"https:\/\/www.facebook.com\/csillagosveny\/\",\"https:\/\/www.instagram.com\/csillagosveny.labirintus\/\",\"https:\/\/www.youtube.com\/watch?v=yUp9Q0ntI8w\"]}]}<\/script>\n<!-- \/ Yoast SEO plugin. -->","yoast_head_json":{"title":"Csal\u00e1di kieg\u00e9sz\u00edt\u0151 jegy (csal\u00e1di jegy mell\u00e9 \u00e9rv\u00e9nyes \u00e9s csak gyermekek sz\u00e1m\u00e1ra) | \u00d3pusztaszeri Csillag\u00f6sv\u00e9ny Labirintus \u00d6ko \u00c9lm\u00e9nypark","robots":{"index":"index","follow":"follow","max-snippet":"max-snippet:-1","max-image-preview":"max-image-preview:large","max-video-preview":"max-video-preview:-1"},"canonical":"https:\/\/csillagosveny.com\/en\/product\/csaladi-kiegeszito-jegy-csaladi-jegy-melle-ervenyes-es-csak-gyermekek-szamara\/","og_locale":"en_GB","og_type":"article","og_title":"Csal\u00e1di kieg\u00e9sz\u00edt\u0151 jegy (csal\u00e1di jegy mell\u00e9 \u00e9rv\u00e9nyes \u00e9s csak gyermekek sz\u00e1m\u00e1ra) | \u00d3pusztaszeri Csillag\u00f6sv\u00e9ny Labirintus \u00d6ko \u00c9lm\u00e9nypark","og_url":"https:\/\/csillagosveny.com\/en\/product\/csaladi-kiegeszito-jegy-csaladi-jegy-melle-ervenyes-es-csak-gyermekek-szamara\/","og_site_name":"\u00d3pusztaszeri Csillag\u00f6sv\u00e9ny Labirintus \u00d6ko \u00c9lm\u00e9nypark","article_publisher":"https:\/\/www.facebook.com\/csillagosveny\/","article_modified_time":"2026-02-23T14:25:51+00:00","og_image":[{"width":600,"height":600,"url":"https:\/\/csillagosveny.com\/wp-content\/uploads\/online-csaladi-kiegeszito-jegy.jpg","type":"image\/jpeg"}],"twitter_card":"summary_large_image","schema":{"@context":"https:\/\/schema.org","@graph":[{"@type":"WebPage","@id":"https:\/\/csillagosveny.com\/termek\/csaladi-kiegeszito-jegy-csaladi-jegy-melle-ervenyes-es-csak-gyermekek-szamara\/","url":"https:\/\/csillagosveny.com\/termek\/csaladi-kiegeszito-jegy-csaladi-jegy-melle-ervenyes-es-csak-gyermekek-szamara\/","name":"Csal\u00e1di kieg\u00e9sz\u00edt\u0151 jegy (csal\u00e1di jegy mell\u00e9 \u00e9rv\u00e9nyes \u00e9s csak gyermekek sz\u00e1m\u00e1ra) | \u00d3pusztaszeri Csillag\u00f6sv\u00e9ny Labirintus \u00d6ko \u00c9lm\u00e9nypark","isPartOf":{"@id":"https:\/\/csillagosveny.com\/#website"},"primaryImageOfPage":{"@id":"https:\/\/csillagosveny.com\/termek\/csaladi-kiegeszito-jegy-csaladi-jegy-melle-ervenyes-es-csak-gyermekek-szamara\/#primaryimage"},"image":{"@id":"https:\/\/csillagosveny.com\/termek\/csaladi-kiegeszito-jegy-csaladi-jegy-melle-ervenyes-es-csak-gyermekek-szamara\/#primaryimage"},"thumbnailUrl":"https:\/\/csillagosveny.com\/wp-content\/uploads\/online-csaladi-kiegeszito-jegy.jpg","datePublished":"2022-05-19T10:10:03+00:00","dateModified":"2026-02-23T14:25:51+00:00","breadcrumb":{"@id":"https:\/\/csillagosveny.com\/termek\/csaladi-kiegeszito-jegy-csaladi-jegy-melle-ervenyes-es-csak-gyermekek-szamara\/#breadcrumb"},"inLanguage":"en-GB","potentialAction":[{"@type":"ReadAction","target":["https:\/\/csillagosveny.com\/termek\/csaladi-kiegeszito-jegy-csaladi-jegy-melle-ervenyes-es-csak-gyermekek-szamara\/"]}]},{"@type":"ImageObject","inLanguage":"en-GB","@id":"https:\/\/csillagosveny.com\/termek\/csaladi-kiegeszito-jegy-csaladi-jegy-melle-ervenyes-es-csak-gyermekek-szamara\/#primaryimage","url":"https:\/\/csillagosveny.com\/wp-content\/uploads\/online-csaladi-kiegeszito-jegy.jpg","contentUrl":"https:\/\/csillagosveny.com\/wp-content\/uploads\/online-csaladi-kiegeszito-jegy.jpg","width":600,"height":600,"caption":"Csillag\u00f6sv\u00e9ny csal\u00e1di kieg\u00e9sz\u00edt\u0151 jegy"},{"@type":"BreadcrumbList","@id":"https:\/\/csillagosveny.com\/termek\/csaladi-kiegeszito-jegy-csaladi-jegy-melle-ervenyes-es-csak-gyermekek-szamara\/#breadcrumb","itemListElement":[{"@type":"ListItem","position":1,"name":"Kezd\u0151lap","item":"https:\/\/csillagosveny.com\/"},{"@type":"ListItem","position":2,"name":"Jegyv\u00e1s\u00e1rl\u00e1s","item":"https:\/\/csillagosveny.com\/jegyvasarlas\/"},{"@type":"ListItem","position":3,"name":"Csal\u00e1di kieg\u00e9sz\u00edt\u0151 jegy (csal\u00e1di jegy mell\u00e9 \u00e9rv\u00e9nyes \u00e9s csak gyermekek sz\u00e1m\u00e1ra)"}]},{"@type":"WebSite","@id":"https:\/\/csillagosveny.com\/#website","url":"https:\/\/csillagosveny.com\/","name":"\u00d3pusztaszeri Csillag\u00f6sv\u00e9ny Labirintus \u00d6ko \u00c9lm\u00e9nypark","description":"A Csillag\u00f6sv\u00e9ny \u00c9lm\u00e9nypark kiv\u00e1l\u00f3 v\u00e1laszt\u00e1s mindenkinek, aki \u00faj kalandokra v\u00e1gyik.","publisher":{"@id":"https:\/\/csillagosveny.com\/#organization"},"potentialAction":[{"@type":"SearchAction","target":{"@type":"EntryPoint","urlTemplate":"https:\/\/csillagosveny.com\/?s={search_term_string}"},"query-input":{"@type":"PropertyValueSpecification","valueRequired":true,"valueName":"search_term_string"}}],"inLanguage":"en-GB"},{"@type":"Organization","@id":"https:\/\/csillagosveny.com\/#organization","name":"\u00d3pusztaszeri Csillag\u00f6sv\u00e9ny Labirintus \u00d6ko \u00c9lm\u00e9nypark","url":"https:\/\/csillagosveny.com\/","logo":{"@type":"ImageObject","inLanguage":"en-GB","@id":"https:\/\/csillagosveny.com\/#\/schema\/logo\/image\/","url":"https:\/\/csillagosveny.com\/wp-content\/uploads\/csillagosveny-logo.png","contentUrl":"https:\/\/csillagosveny.com\/wp-content\/uploads\/csillagosveny-logo.png","width":300,"height":44,"caption":"\u00d3pusztaszeri Csillag\u00f6sv\u00e9ny Labirintus \u00d6ko \u00c9lm\u00e9nypark"},"image":{"@id":"https:\/\/csillagosveny.com\/#\/schema\/logo\/image\/"},"sameAs":["https:\/\/www.facebook.com\/csillagosveny\/","https:\/\/www.instagram.com\/csillagosveny.labirintus\/","https:\/\/www.youtube.com\/watch?v=yUp9Q0ntI8w"]}]}},"_links":{"self":[{"href":"https:\/\/csillagosveny.com\/en\/wp-json\/wp\/v2\/product\/1889","targetHints":{"allow":["GET"]}}],"collection":[{"href":"https:\/\/csillagosveny.com\/en\/wp-json\/wp\/v2\/product"}],"about":[{"href":"https:\/\/csillagosveny.com\/en\/wp-json\/wp\/v2\/types\/product"}],"wp:featuredmedia":[{"embeddable":true,"href":"https:\/\/csillagosveny.com\/en\/wp-json\/wp\/v2\/media\/1908"}],"wp:attachment":[{"href":"https:\/\/csillagosveny.com\/en\/wp-json\/wp\/v2\/media?parent=1889"}],"wp:term":[{"taxonomy":"product_brand","embeddable":true,"href":"https:\/\/csillagosveny.com\/en\/wp-json\/wp\/v2\/product_brand?post=1889"},{"taxonomy":"product_cat","embeddable":true,"href":"https:\/\/csillagosveny.com\/en\/wp-json\/wp\/v2\/product_cat?post=1889"},{"taxonomy":"product_tag","embeddable":true,"href":"https:\/\/csillagosveny.com\/en\/wp-json\/wp\/v2\/product_tag?post=1889"}],"curies":[{"name":"wp","href":"https:\/\/api.w.org\/{rel}","templated":true}]}}