{"id":2913,"date":"2023-01-18T09:31:16","date_gmt":"2023-01-18T08:31:16","guid":{"rendered":"https:\/\/csillagosveny.com\/?post_type=product&#038;p=2913"},"modified":"2026-02-23T15:26:24","modified_gmt":"2026-02-23T14:26:24","slug":"csoportos-kedvezmenyes-online-jegy-min-15-fo-eseten","status":"publish","type":"product","link":"https:\/\/csillagosveny.com\/en\/product\/csoportos-kedvezmenyes-online-jegy-min-15-fo-eseten\/","title":{"rendered":"Group discount online ticket (min. 15 people)"},"content":{"rendered":"","protected":false},"excerpt":{"rendered":"","protected":false},"featured_media":2957,"template":"","meta":{"_et_pb_use_builder":"","_et_pb_old_content":"","_et_gb_content_width":""},"product_brand":[],"product_cat":[23],"product_tag":[],"class_list":{"0":"post-2913","1":"product","2":"type-product","3":"status-publish","4":"has-post-thumbnail","6":"product_cat-egyeb","8":"first","9":"instock","10":"sale","11":"virtual","12":"taxable","13":"purchasable","14":"product-type-simple"},"yoast_head":"<!-- This site is optimized with the Yoast SEO plugin v24.9 - https:\/\/yoast.com\/wordpress\/plugins\/seo\/ -->\n<title>Csoportos kedvezm\u00e9nyes online jegy (min. 15 f\u0151 eset\u00e9n) | \u00d3pusztaszeri Csillag\u00f6sv\u00e9ny Labirintus \u00d6ko \u00c9lm\u00e9nypark<\/title>\n<meta name=\"robots\" content=\"index, follow, max-snippet:-1, max-image-preview:large, max-video-preview:-1\" \/>\n<link rel=\"canonical\" href=\"https:\/\/csillagosveny.com\/en\/product\/csoportos-kedvezmenyes-online-jegy-min-15-fo-eseten\/\" \/>\n<meta property=\"og:locale\" content=\"en_GB\" \/>\n<meta property=\"og:type\" content=\"article\" \/>\n<meta property=\"og:title\" content=\"Csoportos kedvezm\u00e9nyes online jegy (min. 15 f\u0151 eset\u00e9n) | \u00d3pusztaszeri Csillag\u00f6sv\u00e9ny Labirintus \u00d6ko \u00c9lm\u00e9nypark\" \/>\n<meta property=\"og:url\" content=\"https:\/\/csillagosveny.com\/en\/product\/csoportos-kedvezmenyes-online-jegy-min-15-fo-eseten\/\" \/>\n<meta property=\"og:site_name\" content=\"\u00d3pusztaszeri Csillag\u00f6sv\u00e9ny Labirintus \u00d6ko \u00c9lm\u00e9nypark\" \/>\n<meta property=\"article:publisher\" content=\"https:\/\/www.facebook.com\/csillagosveny\/\" \/>\n<meta property=\"article:modified_time\" content=\"2026-02-23T14:26:24+00:00\" \/>\n<meta property=\"og:image\" content=\"https:\/\/csillagosveny.com\/wp-content\/uploads\/kedvezmenyes-csoportos.png\" \/>\n\t<meta property=\"og:image:width\" content=\"1000\" \/>\n\t<meta property=\"og:image:height\" content=\"1000\" \/>\n\t<meta property=\"og:image:type\" content=\"image\/png\" \/>\n<meta name=\"twitter:card\" content=\"summary_large_image\" \/>\n<script type=\"application\/ld+json\" class=\"yoast-schema-graph\">{\"@context\":\"https:\/\/schema.org\",\"@graph\":[{\"@type\":\"WebPage\",\"@id\":\"https:\/\/csillagosveny.com\/termek\/csoportos-kedvezmenyes-online-jegy-min-15-fo-eseten\/\",\"url\":\"https:\/\/csillagosveny.com\/termek\/csoportos-kedvezmenyes-online-jegy-min-15-fo-eseten\/\",\"name\":\"Csoportos kedvezm\u00e9nyes online jegy (min. 15 f\u0151 eset\u00e9n) | \u00d3pusztaszeri Csillag\u00f6sv\u00e9ny Labirintus \u00d6ko \u00c9lm\u00e9nypark\",\"isPartOf\":{\"@id\":\"https:\/\/csillagosveny.com\/#website\"},\"primaryImageOfPage\":{\"@id\":\"https:\/\/csillagosveny.com\/termek\/csoportos-kedvezmenyes-online-jegy-min-15-fo-eseten\/#primaryimage\"},\"image\":{\"@id\":\"https:\/\/csillagosveny.com\/termek\/csoportos-kedvezmenyes-online-jegy-min-15-fo-eseten\/#primaryimage\"},\"thumbnailUrl\":\"https:\/\/csillagosveny.com\/wp-content\/uploads\/kedvezmenyes-csoportos.png\",\"datePublished\":\"2023-01-18T08:31:16+00:00\",\"dateModified\":\"2026-02-23T14:26:24+00:00\",\"breadcrumb\":{\"@id\":\"https:\/\/csillagosveny.com\/termek\/csoportos-kedvezmenyes-online-jegy-min-15-fo-eseten\/#breadcrumb\"},\"inLanguage\":\"en-GB\",\"potentialAction\":[{\"@type\":\"ReadAction\",\"target\":[\"https:\/\/csillagosveny.com\/termek\/csoportos-kedvezmenyes-online-jegy-min-15-fo-eseten\/\"]}]},{\"@type\":\"ImageObject\",\"inLanguage\":\"en-GB\",\"@id\":\"https:\/\/csillagosveny.com\/termek\/csoportos-kedvezmenyes-online-jegy-min-15-fo-eseten\/#primaryimage\",\"url\":\"https:\/\/csillagosveny.com\/wp-content\/uploads\/kedvezmenyes-csoportos.png\",\"contentUrl\":\"https:\/\/csillagosveny.com\/wp-content\/uploads\/kedvezmenyes-csoportos.png\",\"width\":1000,\"height\":1000},{\"@type\":\"BreadcrumbList\",\"@id\":\"https:\/\/csillagosveny.com\/termek\/csoportos-kedvezmenyes-online-jegy-min-15-fo-eseten\/#breadcrumb\",\"itemListElement\":[{\"@type\":\"ListItem\",\"position\":1,\"name\":\"Kezd\u0151lap\",\"item\":\"https:\/\/csillagosveny.com\/\"},{\"@type\":\"ListItem\",\"position\":2,\"name\":\"Jegyv\u00e1s\u00e1rl\u00e1s\",\"item\":\"https:\/\/csillagosveny.com\/jegyvasarlas\/\"},{\"@type\":\"ListItem\",\"position\":3,\"name\":\"Csoportos kedvezm\u00e9nyes online jegy (min. 15 f\u0151 eset\u00e9n)\"}]},{\"@type\":\"WebSite\",\"@id\":\"https:\/\/csillagosveny.com\/#website\",\"url\":\"https:\/\/csillagosveny.com\/\",\"name\":\"\u00d3pusztaszeri Csillag\u00f6sv\u00e9ny Labirintus \u00d6ko \u00c9lm\u00e9nypark\",\"description\":\"A Csillag\u00f6sv\u00e9ny \u00c9lm\u00e9nypark kiv\u00e1l\u00f3 v\u00e1laszt\u00e1s mindenkinek, aki \u00faj kalandokra v\u00e1gyik.\",\"publisher\":{\"@id\":\"https:\/\/csillagosveny.com\/#organization\"},\"potentialAction\":[{\"@type\":\"SearchAction\",\"target\":{\"@type\":\"EntryPoint\",\"urlTemplate\":\"https:\/\/csillagosveny.com\/?s={search_term_string}\"},\"query-input\":{\"@type\":\"PropertyValueSpecification\",\"valueRequired\":true,\"valueName\":\"search_term_string\"}}],\"inLanguage\":\"en-GB\"},{\"@type\":\"Organization\",\"@id\":\"https:\/\/csillagosveny.com\/#organization\",\"name\":\"\u00d3pusztaszeri Csillag\u00f6sv\u00e9ny Labirintus \u00d6ko \u00c9lm\u00e9nypark\",\"url\":\"https:\/\/csillagosveny.com\/\",\"logo\":{\"@type\":\"ImageObject\",\"inLanguage\":\"en-GB\",\"@id\":\"https:\/\/csillagosveny.com\/#\/schema\/logo\/image\/\",\"url\":\"https:\/\/csillagosveny.com\/wp-content\/uploads\/csillagosveny-logo.png\",\"contentUrl\":\"https:\/\/csillagosveny.com\/wp-content\/uploads\/csillagosveny-logo.png\",\"width\":300,\"height\":44,\"caption\":\"\u00d3pusztaszeri Csillag\u00f6sv\u00e9ny Labirintus \u00d6ko \u00c9lm\u00e9nypark\"},\"image\":{\"@id\":\"https:\/\/csillagosveny.com\/#\/schema\/logo\/image\/\"},\"sameAs\":[\"https:\/\/www.facebook.com\/csillagosveny\/\",\"https:\/\/www.instagram.com\/csillagosveny.labirintus\/\",\"https:\/\/www.youtube.com\/watch?v=yUp9Q0ntI8w\"]}]}<\/script>\n<!-- \/ Yoast SEO plugin. -->","yoast_head_json":{"title":"Csoportos kedvezm\u00e9nyes online jegy (min. 15 f\u0151 eset\u00e9n) | \u00d3pusztaszeri Csillag\u00f6sv\u00e9ny Labirintus \u00d6ko \u00c9lm\u00e9nypark","robots":{"index":"index","follow":"follow","max-snippet":"max-snippet:-1","max-image-preview":"max-image-preview:large","max-video-preview":"max-video-preview:-1"},"canonical":"https:\/\/csillagosveny.com\/en\/product\/csoportos-kedvezmenyes-online-jegy-min-15-fo-eseten\/","og_locale":"en_GB","og_type":"article","og_title":"Csoportos kedvezm\u00e9nyes online jegy (min. 15 f\u0151 eset\u00e9n) | \u00d3pusztaszeri Csillag\u00f6sv\u00e9ny Labirintus \u00d6ko \u00c9lm\u00e9nypark","og_url":"https:\/\/csillagosveny.com\/en\/product\/csoportos-kedvezmenyes-online-jegy-min-15-fo-eseten\/","og_site_name":"\u00d3pusztaszeri Csillag\u00f6sv\u00e9ny Labirintus \u00d6ko \u00c9lm\u00e9nypark","article_publisher":"https:\/\/www.facebook.com\/csillagosveny\/","article_modified_time":"2026-02-23T14:26:24+00:00","og_image":[{"width":1000,"height":1000,"url":"https:\/\/csillagosveny.com\/wp-content\/uploads\/kedvezmenyes-csoportos.png","type":"image\/png"}],"twitter_card":"summary_large_image","schema":{"@context":"https:\/\/schema.org","@graph":[{"@type":"WebPage","@id":"https:\/\/csillagosveny.com\/termek\/csoportos-kedvezmenyes-online-jegy-min-15-fo-eseten\/","url":"https:\/\/csillagosveny.com\/termek\/csoportos-kedvezmenyes-online-jegy-min-15-fo-eseten\/","name":"Csoportos kedvezm\u00e9nyes online jegy (min. 15 f\u0151 eset\u00e9n) | \u00d3pusztaszeri Csillag\u00f6sv\u00e9ny Labirintus \u00d6ko \u00c9lm\u00e9nypark","isPartOf":{"@id":"https:\/\/csillagosveny.com\/#website"},"primaryImageOfPage":{"@id":"https:\/\/csillagosveny.com\/termek\/csoportos-kedvezmenyes-online-jegy-min-15-fo-eseten\/#primaryimage"},"image":{"@id":"https:\/\/csillagosveny.com\/termek\/csoportos-kedvezmenyes-online-jegy-min-15-fo-eseten\/#primaryimage"},"thumbnailUrl":"https:\/\/csillagosveny.com\/wp-content\/uploads\/kedvezmenyes-csoportos.png","datePublished":"2023-01-18T08:31:16+00:00","dateModified":"2026-02-23T14:26:24+00:00","breadcrumb":{"@id":"https:\/\/csillagosveny.com\/termek\/csoportos-kedvezmenyes-online-jegy-min-15-fo-eseten\/#breadcrumb"},"inLanguage":"en-GB","potentialAction":[{"@type":"ReadAction","target":["https:\/\/csillagosveny.com\/termek\/csoportos-kedvezmenyes-online-jegy-min-15-fo-eseten\/"]}]},{"@type":"ImageObject","inLanguage":"en-GB","@id":"https:\/\/csillagosveny.com\/termek\/csoportos-kedvezmenyes-online-jegy-min-15-fo-eseten\/#primaryimage","url":"https:\/\/csillagosveny.com\/wp-content\/uploads\/kedvezmenyes-csoportos.png","contentUrl":"https:\/\/csillagosveny.com\/wp-content\/uploads\/kedvezmenyes-csoportos.png","width":1000,"height":1000},{"@type":"BreadcrumbList","@id":"https:\/\/csillagosveny.com\/termek\/csoportos-kedvezmenyes-online-jegy-min-15-fo-eseten\/#breadcrumb","itemListElement":[{"@type":"ListItem","position":1,"name":"Kezd\u0151lap","item":"https:\/\/csillagosveny.com\/"},{"@type":"ListItem","position":2,"name":"Jegyv\u00e1s\u00e1rl\u00e1s","item":"https:\/\/csillagosveny.com\/jegyvasarlas\/"},{"@type":"ListItem","position":3,"name":"Csoportos kedvezm\u00e9nyes online jegy (min. 15 f\u0151 eset\u00e9n)"}]},{"@type":"WebSite","@id":"https:\/\/csillagosveny.com\/#website","url":"https:\/\/csillagosveny.com\/","name":"\u00d3pusztaszeri Csillag\u00f6sv\u00e9ny Labirintus \u00d6ko \u00c9lm\u00e9nypark","description":"A Csillag\u00f6sv\u00e9ny \u00c9lm\u00e9nypark kiv\u00e1l\u00f3 v\u00e1laszt\u00e1s mindenkinek, aki \u00faj kalandokra v\u00e1gyik.","publisher":{"@id":"https:\/\/csillagosveny.com\/#organization"},"potentialAction":[{"@type":"SearchAction","target":{"@type":"EntryPoint","urlTemplate":"https:\/\/csillagosveny.com\/?s={search_term_string}"},"query-input":{"@type":"PropertyValueSpecification","valueRequired":true,"valueName":"search_term_string"}}],"inLanguage":"en-GB"},{"@type":"Organization","@id":"https:\/\/csillagosveny.com\/#organization","name":"\u00d3pusztaszeri Csillag\u00f6sv\u00e9ny Labirintus \u00d6ko \u00c9lm\u00e9nypark","url":"https:\/\/csillagosveny.com\/","logo":{"@type":"ImageObject","inLanguage":"en-GB","@id":"https:\/\/csillagosveny.com\/#\/schema\/logo\/image\/","url":"https:\/\/csillagosveny.com\/wp-content\/uploads\/csillagosveny-logo.png","contentUrl":"https:\/\/csillagosveny.com\/wp-content\/uploads\/csillagosveny-logo.png","width":300,"height":44,"caption":"\u00d3pusztaszeri Csillag\u00f6sv\u00e9ny Labirintus \u00d6ko \u00c9lm\u00e9nypark"},"image":{"@id":"https:\/\/csillagosveny.com\/#\/schema\/logo\/image\/"},"sameAs":["https:\/\/www.facebook.com\/csillagosveny\/","https:\/\/www.instagram.com\/csillagosveny.labirintus\/","https:\/\/www.youtube.com\/watch?v=yUp9Q0ntI8w"]}]}},"_links":{"self":[{"href":"https:\/\/csillagosveny.com\/en\/wp-json\/wp\/v2\/product\/2913","targetHints":{"allow":["GET"]}}],"collection":[{"href":"https:\/\/csillagosveny.com\/en\/wp-json\/wp\/v2\/product"}],"about":[{"href":"https:\/\/csillagosveny.com\/en\/wp-json\/wp\/v2\/types\/product"}],"wp:featuredmedia":[{"embeddable":true,"href":"https:\/\/csillagosveny.com\/en\/wp-json\/wp\/v2\/media\/2957"}],"wp:attachment":[{"href":"https:\/\/csillagosveny.com\/en\/wp-json\/wp\/v2\/media?parent=2913"}],"wp:term":[{"taxonomy":"product_brand","embeddable":true,"href":"https:\/\/csillagosveny.com\/en\/wp-json\/wp\/v2\/product_brand?post=2913"},{"taxonomy":"product_cat","embeddable":true,"href":"https:\/\/csillagosveny.com\/en\/wp-json\/wp\/v2\/product_cat?post=2913"},{"taxonomy":"product_tag","embeddable":true,"href":"https:\/\/csillagosveny.com\/en\/wp-json\/wp\/v2\/product_tag?post=2913"}],"curies":[{"name":"wp","href":"https:\/\/api.w.org\/{rel}","templated":true}]}}